{"id":8823,"date":"2024-01-29T15:11:24","date_gmt":"2024-01-29T15:11:24","guid":{"rendered":"https:\/\/ludoligna.com\/?page_id=8823"},"modified":"2024-05-31T14:17:20","modified_gmt":"2024-05-31T14:17:20","slug":"imprint","status":"publish","type":"page","link":"https:\/\/ludoligna.com\/ro\/imprint\/","title":{"rendered":"Imprint"},"content":{"rendered":"<p>[et_pb_section fb_built=&#8221;1&#8243; _builder_version=&#8221;4.16&#8243; global_colors_info=&#8221;{}&#8221;][et_pb_row _builder_version=&#8221;4.21.0&#8243; global_colors_info=&#8221;{}&#8221;][et_pb_column type=&#8221;4_4&#8243; _builder_version=&#8221;4.16&#8243; global_colors_info=&#8221;{}&#8221;][et_pb_text _builder_version=&#8221;4.21.0&#8243; global_colors_info=&#8221;{}&#8221; custom_padding=&#8221;||0px|||&#8221;]<\/p>\n<h1>Imprint<\/h1>\n<p>&nbsp;<\/p>\n<p><strong>Service provider:<\/strong><\/p>\n<p>Ludo Ligna SRL<br \/>Com. FELICENI<br \/>Sat VALENI 44<br \/>HARGHITA 537107<br \/>RUM\u00c4NIEN<\/p>\n<p><strong>Represented by:<\/strong><\/p>\n<p>Horst Walz,<br \/>Marta N\u00fc\u00dflein<\/p>\n<p><strong>Contact:<\/strong><\/p>\n<p>Telephone: \u202a+40 752 077 229<br \/>Email: <a href=\"mailto:office@ludoligna.ro\">office@ludoligna.ro<\/a><\/p>\n<p><strong>Register entry:<\/strong><\/p>\n<p>Entry in the Handelsregister.<br \/>Registering court: Miercurea &#8211; Ciuc<br \/>Registration number: J19\/497\/07.06.2019<\/p>\n<p><strong>VAT:<\/strong><\/p>\n<p>VAT Id number according to Sec. 27 a German Value Added Tax Act:<br \/>RO41238876<\/p>\n<p><strong>Indication of source<\/strong><\/p>\n<p>Ludo Ligna SRL<br \/>JozsaR-J Levente<br \/>Ludo Fact USA LLC<br \/>vento ludens GmbH &amp; Co. KG<br \/>Friedmann Print Data Solutions GmbH<br \/>Eifert Fotodesign<br \/>Martin Duckek\/Nething + Ott<br \/>Svort\/Fotolia.com\/stock.adobe.com\/26811221<br \/>Quellenangaben: Disclaimer von eRecht24,<br \/>dem Portal zum Internetrecht von Rechtsanwalt S\u00f6ren Siebert<br \/>Andreas Rothermel<br \/><a href=\"https:\/\/pixabay.com\/photos\/september-magura-brasov-romania-4800766\/\">Landscape Home Slider<\/a> from Timotavi on <a href=\"https:\/\/pixabay.com\/users\/timotavi-15062714\/?tab=about\">pixabay<\/a><\/p>\n<p><strong>Dispute resolution<\/strong><\/p>\n<p>The European Commission provides a platform for online dispute resolution (OS): https:\/\/ec.europa.eu\/consumers\/odr.<br \/>Please find our email in the impressum\/legal notice.<\/p>\n<p>We do not take part in online dispute resolutions at consumer arbitration boards.<\/p>\n<p><strong>Liability and intellectual property rights<\/strong><\/p>\n<p>Disclaimer: The contents of this online offer have been compiled carefully and according to our current state of knowledge, but are for information purposes only and have no legally binding effect, unless they are legally binding information (e.g. the imprint, the data protection declaration, general terms and conditions or mandatory instructions for consumers). We reserve the right to change or delete the content in whole or in part, provided that contractual obligations remain unaffected. All offers are subject to change and non-binding.<\/p>\n<p>[\/et_pb_text][\/et_pb_column][\/et_pb_row][\/et_pb_section][et_pb_section fb_built=&#8221;1&#8243; _builder_version=&#8221;4.21.0&#8243; background_color=&#8221;#717878&#8243; custom_padding=&#8221;1px||0px|||&#8221; saved_tabs=&#8221;all&#8221; global_colors_info=&#8221;{}&#8221;][et_pb_row _builder_version=&#8221;4.16&#8243; global_colors_info=&#8221;{}&#8221;][et_pb_column type=&#8221;4_4&#8243; _builder_version=&#8221;4.16&#8243; global_colors_info=&#8221;{}&#8221;][et_pb_code _builder_version=&#8221;4.21.0&#8243; global_colors_info=&#8221;{}&#8221;]<\/p>\n<div class=\"pvo-footer-container lp-a\"><!-- [et_pb_line_break_holder] --><\/p>\n<div class=\"pvo-breadcrumbs\"><!-- [et_pb_line_break_holder] --><pee class=\"up pvo-white\"><!-- [et_pb_line_break_holder] -->Sunte\u021bi aici: <span><nav aria-label=\"breadcrumbs\">\n            <div class=\"breadcrumb-container theme1\">\n                <ol>\n                                    <\/ol>\n            <\/div>\n        <\/nav>    <script type=\"application\/ld+json\">\n        {\n            \"@context\": \"http:\/\/schema.org\",\n            \"@type\": \"BreadcrumbList\",\n            \"itemListElement\": [\n                            ]\n        }\n    <\/script>\n   \n    <script>\n            <\/script>\n<\/span><!-- [et_pb_line_break_holder] --><\/pee><!-- [et_pb_line_break_holder] --><\/div>\n<p><!-- [et_pb_line_break_holder] --><\/p>\n<hr>\n<p><!-- [et_pb_line_break_holder] --><\/p>\n<div class=\"pvo-footer-flex\"><!-- [et_pb_line_break_holder] --><\/p>\n<div><!-- [et_pb_line_break_holder] --><\/p>\n<ul class=\"pvo-footer-list\"><!-- [et_pb_line_break_holder] --><\/p>\n<li><a href=\"https:\/\/ludoligna.com\/ro\/\">Pagina de start<\/a><\/li>\n<p><!-- [et_pb_line_break_holder] --><\/ul>\n<p><!-- [et_pb_line_break_holder] --><\/div>\n<p><!-- [et_pb_line_break_holder] --><\/p>\n<div><!-- [et_pb_line_break_holder] --><\/p>\n<ul class=\"pvo-footer-list\"><!-- [et_pb_line_break_holder] --><\/p>\n<li><a href=\"https:\/\/ludoligna.com\/ro\/compania\/\">Compania<\/a><\/li>\n<p><!-- [et_pb_line_break_holder] --><\/p>\n<li><a href=\"https:\/\/ludoligna.com\/ro\/de-ce-ludo-ligna\/\">De ce Ludo Ligna<\/a><\/li>\n<p><!-- [et_pb_line_break_holder] --><\/p>\n<li><a href=\"https:\/\/ludoligna.com\/de\/nachhaltigkeit-qualit%C3%A4t\">Sustenabilitate &#038; Calitate<\/a><\/li>\n<p><!-- [et_pb_line_break_holder] --><\/ul>\n<p><!-- [et_pb_line_break_holder] --><\/div>\n<p><!-- [et_pb_line_break_holder] --><\/p>\n<div><!-- [et_pb_line_break_holder] --><\/p>\n<ul class=\"pvo-footer-list\"><!-- [et_pb_line_break_holder] --><\/p>\n<li><a href=\"https:\/\/ludoligna.com\/ro\/produse\/\">Produse<\/a><\/li>\n<p><!-- [et_pb_line_break_holder] --><\/p>\n<li><a href=\"https:\/\/ludoligna.com\/ro\/produse\/#profilteile\/\">PIESE PROFILATE<\/a><\/li>\n<p><!-- [et_pb_line_break_holder] --><\/p>\n<li><a href=\"https:\/\/ludoligna.com\/ro\/produse\/#lasercutteile\/\">Piese t\u0103iate cu laser<\/a><\/li>\n<p><!-- [et_pb_line_break_holder] --><\/p>\n<li><a href=\"https:\/\/ludoligna.com\/ro\/produse\/#tampondruckteile\/\">PIESE IMPRIMATE PRIN TAMPOGRAFIERE<\/a><\/li>\n<p><!-- [et_pb_line_break_holder] --><\/p>\n<li><a href=\"https:\/\/ludoligna.com\/ro\/produse\/#folienpraegung-und-reliefpraegung\/\">\u0218tan\u021bare cu folie \/ \u0219tan\u021bare \u00een relief<\/a><\/li>\n<p><!-- [et_pb_line_break_holder] --><\/p>\n<li><a href=\"https:\/\/ludoligna.com\/ro\/produse\/#dienstleistungen\/\">Alte servicii<\/a><\/li>\n<p><!-- [et_pb_line_break_holder] --><\/p>\n<li><a href=\"https:\/\/ludoligna.com\/ro\/produse\/#lilu\/\">Juc\u0103rii din lemn<\/a><\/li>\n<p><!-- [et_pb_line_break_holder] --><\/ul>\n<p><!-- [et_pb_line_break_holder] --><\/div>\n<p><!-- [et_pb_line_break_holder] --><\/p>\n<div><!-- [et_pb_line_break_holder] --><\/p>\n<ul class=\"pvo-footer-list\"><!-- [et_pb_line_break_holder] --><\/p>\n<li><a href=\"https:\/\/ludoligna.com\/ro\/persoana-de-contact\/\">Persoana de contact;<\/a><\/li>\n<p><!-- [et_pb_line_break_holder] --><\/ul>\n<p><!-- [et_pb_line_break_holder] --><\/div>\n<p><!-- [et_pb_line_break_holder] --><\/p>\n<div><!-- [et_pb_line_break_holder] --><\/p>\n<ul class=\"pvo-footer-list\"><!-- [et_pb_line_break_holder] --><\/p>\n<li><a href=\"https:\/\/ludofact.de\/gruppe\">Grupul<\/a><\/li>\n<p><!-- [et_pb_line_break_holder] --><\/p>\n<li><a href=\"https:\/\/ludofact.de\" target=\"_blank\" rel=\"noopener noreferrer\">Ludo Fact<\/a><\/li>\n<p><!-- [et_pb_line_break_holder] --><\/p>\n<li><a href=\"https:\/\/ludopackt.de\/en\" target=\"_blank\" rel=\"noopener noreferrer\">Ludo Packt<\/a><\/li>\n<p><!-- [et_pb_line_break_holder] --><\/p>\n<li><a href=\"https:\/\/www.hoehn-gruppe.com\/\" target=\"_blank\" rel=\"noopener noreferrer\">HOEHN Display + Verpackung<\/a><\/li>\n<p><!-- [et_pb_line_break_holder] --><\/p>\n<li><a href=\"https:\/\/www.druckdatenloesungen.de\" target=\"_blank\" rel=\"noopener noreferrer\">Friedmann Print Data Solutions<\/a><\/li>\n<p><!-- [et_pb_line_break_holder] --><\/p>\n<li><a href=\"https:\/\/ludofact.de\/en\/group\/ludo-fact-usa\/\" target=\"_blank\" rel=\"noopener noreferrer\">Ludo Fact USA<\/a><\/li>\n<p><!-- [et_pb_line_break_holder] --><\/p>\n<li><a href=\"http:\/\/ok-karton.cz\" target=\"_blank\" rel=\"noopener noreferrer\">Oriens Karton<\/a><\/li>\n<p><!-- [et_pb_line_break_holder] --><\/p>\n<li><a href=\"https:\/\/ventoludens.de\/\" target=\"_blank\" rel=\"noopener noreferrer\">Vento Ludens<\/a><\/li>\n<p><!-- [et_pb_line_break_holder] --><\/ul>\n<p><!-- [et_pb_line_break_holder] --><\/div>\n<p><!-- [et_pb_line_break_holder] --><\/p>\n<div><!-- [et_pb_line_break_holder] --><\/p>\n<ul class=\"pvo-footer-list\"><!-- [et_pb_line_break_holder] --><\/p>\n<li><a href=\"https:\/\/ludoligna.com\/ro\/contactati\/\">Contacta\u021bi<\/a><\/li>\n<p><!-- [et_pb_line_break_holder] --><\/p>\n<li><a href=\"https:\/\/ludoligna.com\/ro\/contactati\/\">Abordare<\/a><\/li>\n<p><!-- [et_pb_line_break_holder] --><\/p>\n<li><a href=\"https:\/\/ludoligna.com\/ro\/?page_id=8823\">Imprimare<\/a><\/li>\n<p><!-- [et_pb_line_break_holder] --><\/p>\n<li><a href=\"https:\/\/ludoligna.com\/de\/datenschutz\/\">protec\u021bia datelor<\/a><\/li>\n<p><!-- [et_pb_line_break_holder] --><\/ul>\n<p><!-- [et_pb_line_break_holder] --><\/div>\n<p><!-- [et_pb_line_break_holder] --><\/div>\n<p><!-- [et_pb_line_break_holder] --><\/p>\n<hr>\n<p><!-- [et_pb_line_break_holder] --><\/p>\n<div class=\"pvo-cred\"><!-- [et_pb_line_break_holder] --><pee class=\"pvo-white\"><!-- [et_pb_line_break_holder] -->\u00a9 2019 LUDO LIGNA S.R.L., Harghita, Romania<!-- [et_pb_line_break_holder] --><\/pee><!-- [et_pb_line_break_holder] --><\/div>\n<p><!-- [et_pb_line_break_holder] --><\/div>\n<p>\u00a0[\/et_pb_code][\/et_pb_column][\/et_pb_row][\/et_pb_section]<\/p>\n","protected":false},"excerpt":{"rendered":"<p>Imprint &nbsp; Service provider: Ludo Ligna SRLCom. FELICENISat VALENI 44HARGHITA 537107RUM\u00c4NIEN Represented by: Horst Walz,Marta N\u00fc\u00dflein Contact: Telephone: \u202a+40 752 077 229Email: office@ludoligna.ro Register entry: Entry in the Handelsregister.Registering court: Miercurea &#8211; CiucRegistration number: J19\/497\/07.06.2019 VAT: VAT Id number according to Sec. 27 a German Value Added Tax Act:RO41238876 Indication of source Ludo Ligna SRLJozsaR-J [&hellip;]<\/p>\n","protected":false},"author":1,"featured_media":0,"parent":0,"menu_order":0,"comment_status":"closed","ping_status":"closed","template":"","meta":{"_et_pb_use_builder":"on","_et_pb_old_content":"","_et_gb_content_width":"","footnotes":""},"class_list":["post-8823","page","type-page","status-publish","hentry"],"_links":{"self":[{"href":"https:\/\/ludoligna.com\/ro\/wp-json\/wp\/v2\/pages\/8823","targetHints":{"allow":["GET"]}}],"collection":[{"href":"https:\/\/ludoligna.com\/ro\/wp-json\/wp\/v2\/pages"}],"about":[{"href":"https:\/\/ludoligna.com\/ro\/wp-json\/wp\/v2\/types\/page"}],"author":[{"embeddable":true,"href":"https:\/\/ludoligna.com\/ro\/wp-json\/wp\/v2\/users\/1"}],"replies":[{"embeddable":true,"href":"https:\/\/ludoligna.com\/ro\/wp-json\/wp\/v2\/comments?post=8823"}],"version-history":[{"count":4,"href":"https:\/\/ludoligna.com\/ro\/wp-json\/wp\/v2\/pages\/8823\/revisions"}],"predecessor-version":[{"id":9146,"href":"https:\/\/ludoligna.com\/ro\/wp-json\/wp\/v2\/pages\/8823\/revisions\/9146"}],"wp:attachment":[{"href":"https:\/\/ludoligna.com\/ro\/wp-json\/wp\/v2\/media?parent=8823"}],"curies":[{"name":"wp","href":"https:\/\/api.w.org\/{rel}","templated":true}]}}