{"id":8814,"date":"2023-06-23T13:07:09","date_gmt":"2023-06-23T13:07:09","guid":{"rendered":"https:\/\/ludoligna.com\/de-ce-ludo-ligna\/"},"modified":"2024-01-29T15:10:00","modified_gmt":"2024-01-29T15:10:00","slug":"de-ce-ludo-ligna","status":"publish","type":"page","link":"https:\/\/ludoligna.com\/ro\/de-ce-ludo-ligna\/","title":{"rendered":"De ce Ludo Ligna"},"content":{"rendered":"<p>[et_pb_section fb_built=&#8221;1&#8243; module_class=&#8221;pvo_heading-banner&#8221; _builder_version=&#8221;4.21.0&#8243; background_color=&#8221;#c6c6c6&#8243; background_image=&#8221;https:\/\/ludoligna.com\/wp-content\/uploads\/2023\/06\/september-4800766.jpg&#8221; background_blend=&#8221;multiply&#8221; custom_css_main_element=&#8221;max-height: 500px;||position: relative;&#8221; global_colors_info=&#8221;{}&#8221;][et_pb_row module_class=&#8221;pvo_flex-center&#8221; _builder_version=&#8221;4.21.0&#8243; background_enable_color=&#8221;off&#8221; width=&#8221;100%&#8221; min_height=&#8221;354px&#8221; min_height_last_edited=&#8221;off|desktop&#8221; custom_margin=&#8221;0px|auto||auto|false|false&#8221; custom_padding=&#8221;0px||||false|false&#8221; global_colors_info=&#8221;{}&#8221;][et_pb_column type=&#8221;4_4&#8243; _builder_version=&#8221;4.16&#8243; global_colors_info=&#8221;{}&#8221;][et_pb_text module_class=&#8221;header-heading&#8221; _builder_version=&#8221;4.21.0&#8243; text_font=&#8221;|600||on|||||&#8221; text_text_color=&#8221;#ffffff&#8221; text_font_size=&#8221;60px&#8221; custom_css_main_element=&#8221;line-height: 1.1;&#8221; global_colors_info=&#8221;{}&#8221;]<\/p>\n<p style=\"text-align: center;\"><strong>De ce Ludo Ligna<\/strong><span class=\"underline\"><\/span><\/p>\n<p>[\/et_pb_text][\/et_pb_column][\/et_pb_row][\/et_pb_section][et_pb_section fb_built=&#8221;1&#8243; _builder_version=&#8221;4.16&#8243; custom_padding=&#8221;50px||3px|||&#8221; global_colors_info=&#8221;{}&#8221;][et_pb_row column_structure=&#8221;1_2,1_2&#8243; use_custom_gutter=&#8221;on&#8221; gutter_width=&#8221;2&#8243; make_equal=&#8221;on&#8221; _builder_version=&#8221;4.21.0&#8243; custom_margin=&#8221;|auto|-3px|auto||&#8221; custom_padding=&#8221;2px||50px|||&#8221; global_colors_info=&#8221;{}&#8221;][et_pb_column type=&#8221;1_2&#8243; _builder_version=&#8221;4.21.0&#8243; custom_padding=&#8221;|20px|||false|false&#8221; border_color_right=&#8221;rgba(0,0,0,0.15)&#8221; border_width_right_tablet=&#8221;1px&#8221; border_width_right_phone=&#8221;0px&#8221; border_width_right_last_edited=&#8221;on|phone&#8221; global_colors_info=&#8221;{}&#8221;][et_pb_text _builder_version=&#8221;4.21.0&#8243; custom_margin=&#8221;||4px|||&#8221; global_colors_info=&#8221;{}&#8221;]<\/p>\n<h2>IN SPATELE CULISELOR<\/h2>\n<p>[\/et_pb_text][et_pb_text _builder_version=&#8221;4.21.0&#8243; min_height=&#8221;140.4px&#8221; custom_margin=&#8221;8px||4px|||&#8221; custom_padding=&#8221;||40px|||&#8221; custom_css_main_element=&#8221;\t&#8221; global_colors_info=&#8221;{}&#8221;]<\/p>\n<p>Ludo Ligna face parte din grupul de companii Ludo Fact, o companie de categorie medie, condus\u0103 si administrat\u0103 de proprietari.<\/p>\n<p>In cadrul companiei avem ierarhii plate, iar managerii au mereu o ureche deschis\u0103 la cerintele si nevoile angaja\u021bilor, indercand s\u0103 le creeze pe cat posibil o atmosfera familiar\u0103 si de incredere.<\/p>\n<p>[\/et_pb_text][et_pb_text _builder_version=&#8221;4.21.0&#8243; custom_margin=&#8221;||4px|||&#8221; global_colors_info=&#8221;{}&#8221;]<\/p>\n<h2>CULTUR\u0102 &amp; COOPERARE<\/h2>\n<p>[\/et_pb_text][et_pb_text _builder_version=&#8221;4.21.0&#8243; custom_margin=&#8221;8px||13px|||&#8221; custom_css_main_element=&#8221;\t&#8221; global_colors_info=&#8221;{}&#8221;]<\/p>\n<p>At\u00e2t fa\u021beta istoric\u0103, c\u00e2t \u0219i cea geografic\u0103 sunt uria\u0219e. Compania Ludo Ligna s-a stabilit \u00een jude\u021bul Harghita, o zon\u0103 caracterizat\u0103 de natur\u0103, cre\u00e2nd astfel condi\u021bii optime pentru produc\u021bia componentelor din lemn produse acolo.<\/p>\n<p>[\/et_pb_text][et_pb_text _builder_version=&#8221;4.21.0&#8243; min_height=&#8221;140.4px&#8221; custom_margin=&#8221;8px||4px|||&#8221; custom_padding=&#8221;||40px|||&#8221; custom_css_main_element=&#8221;\t&#8221; global_colors_info=&#8221;{}&#8221;]<\/p>\n<p>Pia\u021ba mondial\u0103 a jocurilor de societate a crescut constant \u00een ultimii ani. De asemenea, compania noastr\u0103 continu\u0103 s\u0103 creasc\u0103 \u0219i se afl\u0103 \u00eentr-o continu\u0103 schimbare. Acest lucru aduce o mul\u021bime de lucruri noi \u0219i, de asemenea, \u00eenv\u0103\u021b\u0103m ceva nou \u00een fiecare zi.<\/p>\n<p>Respectul, spiritului de echip\u0103, sentimentul responsabilit\u0103\u021bii \u0219i \u00eencrederea reciproc\u0103 sunt unele dintre propriet\u0103tile elementare ce ne caracterizeaz\u0103.<\/p>\n<p>[\/et_pb_text][et_pb_text disabled_on=&#8221;on|on|on&#8221; _builder_version=&#8221;4.21.0&#8243; custom_margin=&#8221;||4px|||&#8221; disabled=&#8221;on&#8221; global_colors_info=&#8221;{}&#8221;]<\/p>\n<h2>ECHILIBRUL DINTRE VIA\u021aA PROFESIONAL\u0102 \u0218I CEA PRIVAT\u0102<\/h2>\n<p>[\/et_pb_text][et_pb_text _builder_version=&#8221;4.21.0&#8243; custom_margin=&#8221;||4px|||&#8221; global_colors_info=&#8221;{}&#8221;]<\/p>\n<h2>ECHILIBRUL DINTRE VIA\u021aA PROFESIONAL\u0102 \u0218I CEA PRIVAT\u0102<\/h2>\n<p>[\/et_pb_text][et_pb_text _builder_version=&#8221;4.21.0&#8243; min_height=&#8221;140.4px&#8221; custom_margin=&#8221;8px||4px|||&#8221; custom_padding=&#8221;||40px|||&#8221; custom_css_main_element=&#8221;\t&#8221; global_colors_info=&#8221;{}&#8221;]<\/p>\n<p>Succesul nostru se bazeaz\u0103 pe angaja\u021bi \u0219i mul\u021bumi\u021bi. Pentru noi, ca \u0219i companie, acest lucru \u00eenseamn\u0103 crearea unor condi\u021bii-cadru care s\u0103 fac\u0103 posibil\u0103 participarea activ\u0103 la via\u021ba de familie \u0219i succesul la locul de munc\u0103.<\/p>\n<p>Distrac\u021bia nu trebuie neglijat\u0103 aici, a\u0219a c\u0103 ne \u00eent\u00e2lnim pentru activit\u0103\u021bi comune, cum ar fi Zumba, evenimente de echip\u0103 \u0219i seri de jocuri distractive.<\/p>\n<p>[\/et_pb_text][\/et_pb_column][et_pb_column type=&#8221;1_2&#8243; _builder_version=&#8221;4.21.0&#8243; global_colors_info=&#8221;{}&#8221;][et_pb_text _builder_version=&#8221;4.21.0&#8243; custom_margin=&#8221;||4px|||&#8221; global_colors_info=&#8221;{}&#8221;]<\/p>\n<h2 style=\"text-align: left;\">UNDE NE PUTE\u021aI G\u0102SI<\/h2>\n<p>[\/et_pb_text][et_pb_text _builder_version=&#8221;4.21.0&#8243; custom_margin=&#8221;8px|||||&#8221; custom_css_main_element=&#8221;\t&#8221; global_colors_info=&#8221;{}&#8221;]<\/p>\n<p>Ludo Ligna este situata in inima Transilvaniei, intr-o zon\u0103 puternic impadurit\u0103 din Carpati, o zon\u0103 pres\u0103rat\u0103 de castele medievale, <\/p>\n<p>munti si dealuri nesfarsite, plini de istorie. <\/p>\n<p>[\/et_pb_text][et_pb_video src=&#8221;https:\/\/ludoligna.com\/wp-content\/uploads\/2023\/06\/Untitled.mp4&#8243; _builder_version=&#8221;4.21.0&#8243; _module_preset=&#8221;default&#8221; global_colors_info=&#8221;{}&#8221;][\/et_pb_video][\/et_pb_column][\/et_pb_row][et_pb_row column_structure=&#8221;1_2,1_2&#8243; use_custom_gutter=&#8221;on&#8221; make_equal=&#8221;on&#8221; _builder_version=&#8221;4.16&#8243; custom_margin=&#8221;|auto|-3px|auto||&#8221; custom_padding=&#8221;2px||0px|||&#8221; global_colors_info=&#8221;{}&#8221;][et_pb_column type=&#8221;1_2&#8243; _builder_version=&#8221;4.16&#8243; global_colors_info=&#8221;{}&#8221;][\/et_pb_column][et_pb_column type=&#8221;1_2&#8243; _builder_version=&#8221;4.16&#8243; global_colors_info=&#8221;{}&#8221;][\/et_pb_column][\/et_pb_row][et_pb_row column_structure=&#8221;3_5,2_5&#8243; use_custom_gutter=&#8221;on&#8221; gutter_width=&#8221;2&#8243; make_equal=&#8221;on&#8221; _builder_version=&#8221;4.16&#8243; custom_padding=&#8221;14px|||||&#8221; global_colors_info=&#8221;{}&#8221;][et_pb_column type=&#8221;3_5&#8243; _builder_version=&#8221;4.16&#8243; global_colors_info=&#8221;{}&#8221;][\/et_pb_column][et_pb_column type=&#8221;2_5&#8243; _builder_version=&#8221;4.16&#8243; global_colors_info=&#8221;{}&#8221;][\/et_pb_column][\/et_pb_row][\/et_pb_section][et_pb_section fb_built=&#8221;1&#8243; _builder_version=&#8221;4.21.0&#8243; background_color=&#8221;#717878&#8243; custom_padding=&#8221;1px||0px|||&#8221; saved_tabs=&#8221;all&#8221; global_colors_info=&#8221;{}&#8221;][et_pb_row _builder_version=&#8221;4.16&#8243; global_colors_info=&#8221;{}&#8221;][et_pb_column type=&#8221;4_4&#8243; _builder_version=&#8221;4.16&#8243; global_colors_info=&#8221;{}&#8221;][et_pb_code _builder_version=&#8221;4.21.0&#8243; global_colors_info=&#8221;{}&#8221;]<\/p>\n<div class=\"pvo-footer-container lp-a\"><!-- [et_pb_line_break_holder] --><\/p>\n<div class=\"pvo-breadcrumbs\"><!-- [et_pb_line_break_holder] --><pee class=\"up pvo-white\"><!-- [et_pb_line_break_holder] -->Sunte\u021bi aici: <span><nav aria-label=\"breadcrumbs\">\n            <div class=\"breadcrumb-container theme1\">\n                <ol>\n                                    <\/ol>\n            <\/div>\n        <\/nav>    <script type=\"application\/ld+json\">\n        {\n            \"@context\": \"http:\/\/schema.org\",\n            \"@type\": \"BreadcrumbList\",\n            \"itemListElement\": [\n                            ]\n        }\n    <\/script>\n   \n    <script>\n            <\/script>\n<\/span><!-- [et_pb_line_break_holder] --><\/pee><!-- [et_pb_line_break_holder] --><\/div>\n<p><!-- [et_pb_line_break_holder] --><\/p>\n<hr>\n<p><!-- [et_pb_line_break_holder] --><\/p>\n<div class=\"pvo-footer-flex\"><!-- [et_pb_line_break_holder] --><\/p>\n<div><!-- [et_pb_line_break_holder] --><\/p>\n<ul class=\"pvo-footer-list\"><!-- [et_pb_line_break_holder] --><\/p>\n<li><a href=\"https:\/\/ludoligna.com\/ro\/\">Pagina de start<\/a><\/li>\n<p><!-- [et_pb_line_break_holder] --><\/ul>\n<p><!-- [et_pb_line_break_holder] --><\/div>\n<p><!-- [et_pb_line_break_holder] --><\/p>\n<div><!-- [et_pb_line_break_holder] --><\/p>\n<ul class=\"pvo-footer-list\"><!-- [et_pb_line_break_holder] --><\/p>\n<li><a href=\"https:\/\/ludoligna.com\/ro\/compania\/\">Compania<\/a><\/li>\n<p><!-- [et_pb_line_break_holder] --><\/p>\n<li><a href=\"https:\/\/ludoligna.com\/ro\/de-ce-ludo-ligna\/\">De ce Ludo Ligna<\/a><\/li>\n<p><!-- [et_pb_line_break_holder] --><\/p>\n<li><a href=\"https:\/\/ludoligna.com\/de\/nachhaltigkeit-qualit%C3%A4t\">Sustenabilitate &#038; Calitate<\/a><\/li>\n<p><!-- [et_pb_line_break_holder] --><\/ul>\n<p><!-- [et_pb_line_break_holder] --><\/div>\n<p><!-- [et_pb_line_break_holder] --><\/p>\n<div><!-- [et_pb_line_break_holder] --><\/p>\n<ul class=\"pvo-footer-list\"><!-- [et_pb_line_break_holder] --><\/p>\n<li><a href=\"https:\/\/ludoligna.com\/ro\/produse\/\">Produse<\/a><\/li>\n<p><!-- [et_pb_line_break_holder] --><\/p>\n<li><a href=\"https:\/\/ludoligna.com\/ro\/produse\/#profilteile\/\">PIESE PROFILATE<\/a><\/li>\n<p><!-- [et_pb_line_break_holder] --><\/p>\n<li><a href=\"https:\/\/ludoligna.com\/ro\/produse\/#lasercutteile\/\">Piese t\u0103iate cu laser<\/a><\/li>\n<p><!-- [et_pb_line_break_holder] --><\/p>\n<li><a href=\"https:\/\/ludoligna.com\/ro\/produse\/#tampondruckteile\/\">PIESE IMPRIMATE PRIN TAMPOGRAFIERE<\/a><\/li>\n<p><!-- [et_pb_line_break_holder] --><\/p>\n<li><a href=\"https:\/\/ludoligna.com\/ro\/produse\/#folienpraegung-und-reliefpraegung\/\">\u0218tan\u021bare cu folie \/ \u0219tan\u021bare \u00een relief<\/a><\/li>\n<p><!-- [et_pb_line_break_holder] --><\/p>\n<li><a href=\"https:\/\/ludoligna.com\/ro\/produse\/#dienstleistungen\/\">Alte servicii<\/a><\/li>\n<p><!-- [et_pb_line_break_holder] --><\/p>\n<li><a href=\"https:\/\/ludoligna.com\/ro\/produse\/#lilu\/\">Juc\u0103rii din lemn<\/a><\/li>\n<p><!-- [et_pb_line_break_holder] --><\/ul>\n<p><!-- [et_pb_line_break_holder] --><\/div>\n<p><!-- [et_pb_line_break_holder] --><\/p>\n<div><!-- [et_pb_line_break_holder] --><\/p>\n<ul class=\"pvo-footer-list\"><!-- [et_pb_line_break_holder] --><\/p>\n<li><a href=\"https:\/\/ludoligna.com\/ro\/persoana-de-contact\/\">Persoana de contact;<\/a><\/li>\n<p><!-- [et_pb_line_break_holder] --><\/ul>\n<p><!-- [et_pb_line_break_holder] --><\/div>\n<p><!-- [et_pb_line_break_holder] --><\/p>\n<div><!-- [et_pb_line_break_holder] --><\/p>\n<ul class=\"pvo-footer-list\"><!-- [et_pb_line_break_holder] --><\/p>\n<li><a href=\"https:\/\/ludofact.de\/gruppe\">Grupul<\/a><\/li>\n<p><!-- [et_pb_line_break_holder] --><\/p>\n<li><a href=\"https:\/\/ludofact.de\" target=\"_blank\" rel=\"noopener noreferrer\">Ludo Fact<\/a><\/li>\n<p><!-- [et_pb_line_break_holder] --><\/p>\n<li><a href=\"https:\/\/ludopackt.de\/en\" target=\"_blank\" rel=\"noopener noreferrer\">Ludo Packt<\/a><\/li>\n<p><!-- [et_pb_line_break_holder] --><\/p>\n<li><a href=\"https:\/\/www.hoehn-gruppe.com\/\" target=\"_blank\" rel=\"noopener noreferrer\">HOEHN Display + Verpackung<\/a><\/li>\n<p><!-- [et_pb_line_break_holder] --><\/p>\n<li><a href=\"https:\/\/www.druckdatenloesungen.de\" target=\"_blank\" rel=\"noopener noreferrer\">Friedmann Print Data Solutions<\/a><\/li>\n<p><!-- [et_pb_line_break_holder] --><\/p>\n<li><a href=\"https:\/\/ludofact.de\/en\/group\/ludo-fact-usa\/\" target=\"_blank\" rel=\"noopener noreferrer\">Ludo Fact USA<\/a><\/li>\n<p><!-- [et_pb_line_break_holder] --><\/p>\n<li><a href=\"http:\/\/ok-karton.cz\" target=\"_blank\" rel=\"noopener noreferrer\">Oriens Karton<\/a><\/li>\n<p><!-- [et_pb_line_break_holder] --><\/p>\n<li><a href=\"https:\/\/ventoludens.de\/\" target=\"_blank\" rel=\"noopener noreferrer\">Vento Ludens<\/a><\/li>\n<p><!-- [et_pb_line_break_holder] --><\/ul>\n<p><!-- [et_pb_line_break_holder] --><\/div>\n<p><!-- [et_pb_line_break_holder] --><\/p>\n<div><!-- [et_pb_line_break_holder] --><\/p>\n<ul class=\"pvo-footer-list\"><!-- [et_pb_line_break_holder] --><\/p>\n<li><a href=\"https:\/\/ludoligna.com\/ro\/contactati\/\">Contacta\u021bi<\/a><\/li>\n<p><!-- [et_pb_line_break_holder] --><\/p>\n<li><a href=\"https:\/\/ludoligna.com\/ro\/contactati\/\">Abordare<\/a><\/li>\n<p><!-- [et_pb_line_break_holder] --><\/p>\n<li><a href=\"https:\/\/ludoligna.com\/ro\/?page_id=8823\">Imprimare<\/a><\/li>\n<p><!-- [et_pb_line_break_holder] --><\/p>\n<li><a href=\"https:\/\/ludoligna.com\/de\/datenschutz\/\">protec\u021bia datelor<\/a><\/li>\n<p><!-- [et_pb_line_break_holder] --><\/ul>\n<p><!-- [et_pb_line_break_holder] --><\/div>\n<p><!-- [et_pb_line_break_holder] --><\/div>\n<p><!-- [et_pb_line_break_holder] --><\/p>\n<hr>\n<p><!-- [et_pb_line_break_holder] --><\/p>\n<div class=\"pvo-cred\"><!-- [et_pb_line_break_holder] --><pee class=\"pvo-white\"><!-- [et_pb_line_break_holder] -->\u00a9 2019 LUDO LIGNA S.R.L., Harghita, Romania<!-- [et_pb_line_break_holder] --><\/pee><!-- [et_pb_line_break_holder] --><\/div>\n<p><!-- [et_pb_line_break_holder] --><\/div>\n<p>[\/et_pb_code][\/et_pb_column][\/et_pb_row][\/et_pb_section]<\/p>\n","protected":false},"excerpt":{"rendered":"<p>De ce Ludo LignaIN SPATELE CULISELORLudo Ligna face parte din grupul de companii Ludo Fact, o companie de categorie medie, condus\u0103 si administrat\u0103 de proprietari. In cadrul companiei avem ierarhii plate, iar managerii au mereu o ureche deschis\u0103 la cerintele si nevoile angaja\u021bilor, indercand s\u0103 le creeze pe cat posibil o atmosfera familiar\u0103 si de [&hellip;]<\/p>\n","protected":false},"author":1,"featured_media":0,"parent":0,"menu_order":0,"comment_status":"closed","ping_status":"closed","template":"","meta":{"_et_pb_use_builder":"on","_et_pb_old_content":"","_et_gb_content_width":"","footnotes":""},"class_list":["post-8814","page","type-page","status-publish","hentry"],"_links":{"self":[{"href":"https:\/\/ludoligna.com\/ro\/wp-json\/wp\/v2\/pages\/8814","targetHints":{"allow":["GET"]}}],"collection":[{"href":"https:\/\/ludoligna.com\/ro\/wp-json\/wp\/v2\/pages"}],"about":[{"href":"https:\/\/ludoligna.com\/ro\/wp-json\/wp\/v2\/types\/page"}],"author":[{"embeddable":true,"href":"https:\/\/ludoligna.com\/ro\/wp-json\/wp\/v2\/users\/1"}],"replies":[{"embeddable":true,"href":"https:\/\/ludoligna.com\/ro\/wp-json\/wp\/v2\/comments?post=8814"}],"version-history":[{"count":12,"href":"https:\/\/ludoligna.com\/ro\/wp-json\/wp\/v2\/pages\/8814\/revisions"}],"predecessor-version":[{"id":9086,"href":"https:\/\/ludoligna.com\/ro\/wp-json\/wp\/v2\/pages\/8814\/revisions\/9086"}],"wp:attachment":[{"href":"https:\/\/ludoligna.com\/ro\/wp-json\/wp\/v2\/media?parent=8814"}],"curies":[{"name":"wp","href":"https:\/\/api.w.org\/{rel}","templated":true}]}}