{"id":8811,"date":"2023-06-23T13:06:25","date_gmt":"2023-06-23T13:06:25","guid":{"rendered":"https:\/\/ludoligna.com\/compania\/"},"modified":"2024-01-29T15:09:42","modified_gmt":"2024-01-29T15:09:42","slug":"compania","status":"publish","type":"page","link":"https:\/\/ludoligna.com\/ro\/compania\/","title":{"rendered":"Compania"},"content":{"rendered":"<p>[et_pb_section fb_built=&#8221;1&#8243; module_class=&#8221;pvo_heading-banner&#8221; _builder_version=&#8221;4.21.0&#8243; background_color=&#8221;#c6c6c6&#8243; background_image=&#8221;https:\/\/ludoligna.com\/wp-content\/uploads\/2023\/06\/DS1_8415.jpg&#8221; background_blend=&#8221;multiply&#8221; custom_css_main_element=&#8221;max-height: 500px;||position: relative;&#8221; global_colors_info=&#8221;{}&#8221;][et_pb_row module_class=&#8221;pvo_flex-center&#8221; _builder_version=&#8221;4.21.0&#8243; background_enable_color=&#8221;off&#8221; width=&#8221;100%&#8221; min_height=&#8221;354px&#8221; min_height_last_edited=&#8221;off|desktop&#8221; custom_margin=&#8221;|auto||auto|false|false&#8221; custom_padding=&#8221;0px||||false|false&#8221; global_colors_info=&#8221;{}&#8221;][et_pb_column type=&#8221;4_4&#8243; _builder_version=&#8221;4.16&#8243; global_colors_info=&#8221;{}&#8221;][et_pb_text module_class=&#8221;header-heading&#8221; _builder_version=&#8221;4.21.0&#8243; text_font=&#8221;|600||on|||||&#8221; text_text_color=&#8221;#ffffff&#8221; text_font_size=&#8221;60px&#8221; custom_css_main_element=&#8221;line-height: 1.1;&#8221; global_colors_info=&#8221;{}&#8221;]<\/p>\n<p style=\"text-align: center;\"><strong>UN PIC MAI MULT DESPRE NOI<\/strong><span class=\"underline\"><\/span><\/p>\n<p>[\/et_pb_text][\/et_pb_column][\/et_pb_row][\/et_pb_section][et_pb_section fb_built=&#8221;1&#8243; _builder_version=&#8221;4.16&#8243; custom_padding=&#8221;50px|||||&#8221; global_colors_info=&#8221;{}&#8221;][et_pb_row use_custom_gutter=&#8221;on&#8221; make_equal=&#8221;on&#8221; _builder_version=&#8221;4.16&#8243; custom_margin=&#8221;|auto|-3px|auto||&#8221; custom_padding=&#8221;2px||0px|||&#8221; global_colors_info=&#8221;{}&#8221;][et_pb_column type=&#8221;4_4&#8243; _builder_version=&#8221;4.16&#8243; global_colors_info=&#8221;{}&#8221;][et_pb_text _builder_version=&#8221;4.21.0&#8243; global_colors_info=&#8221;{}&#8221;]<\/p>\n<h2>Compania<\/h2>\n<p>[\/et_pb_text][\/et_pb_column][\/et_pb_row][et_pb_row column_structure=&#8221;1_2,1_2&#8243; use_custom_gutter=&#8221;on&#8221; gutter_width=&#8221;2&#8243; make_equal=&#8221;on&#8221; _builder_version=&#8221;4.16&#8243; custom_padding=&#8221;14px|||||&#8221; global_colors_info=&#8221;{}&#8221;][et_pb_column type=&#8221;1_2&#8243; _builder_version=&#8221;4.16&#8243; global_colors_info=&#8221;{}&#8221;][et_pb_text _builder_version=&#8221;4.21.0&#8243; custom_margin=&#8221;8px|||||&#8221; custom_css_main_element=&#8221;\t&#8221; global_colors_info=&#8221;{}&#8221;]<\/p>\n<p>30 de angaja\u021bi lucreaz\u0103 \u00eempreun\u0103 pentru o companie t\u00e2n\u0103r\u0103 care se angajeaz\u0103 s\u0103 respecte un standard ridicat de calitate. Ludo Ligna produce componente din lemn pentru jocurile de societate care sunt produse \u00een grupul nostru.<\/p>\n<p>Ludo Ligna este o filial\u0103 a grupului de companii Ludo Fact. Aproximativ 800 de angaja\u021bi lucreaz\u0103 \u00eempreun\u0103 \u00een cadrul grupului \u00een opt loca\u021bii din \u00eentreaga lume.<\/p>\n<p>Componentele sunt realizate din lemn brut de fag, ar\u021bar. Produsul nostru final este o pung\u0103 gata f\u0103cut\u0103 cu componente din lemn pentru jocuri de societate.<\/p>\n<p>[\/et_pb_text][et_pb_text _builder_version=&#8221;4.21.0&#8243; custom_margin=&#8221;8px|||||&#8221; custom_css_main_element=&#8221;\t&#8221; global_colors_info=&#8221;{}&#8221;][\/et_pb_text][\/et_pb_column][et_pb_column type=&#8221;1_2&#8243; _builder_version=&#8221;4.16&#8243; global_colors_info=&#8221;{}&#8221;][et_pb_text _builder_version=&#8221;4.21.0&#8243; custom_margin=&#8221;8px|||||&#8221; custom_css_main_element=&#8221;\t&#8221; global_colors_info=&#8221;{}&#8221;]<\/p>\n<p>Bine\u00een\u021beles, lucr\u0103m \u00een conformitate cu standardul european EN 71, iar culorile pe care le folosim sunt toate pe baz\u0103 de ap\u0103, \u00een plus, suntem certifica\u021bi FSC.<\/p>\n<p>Sustenabilitatea, respectul pentru resurse \u0219i spiritul de echip\u0103 nu sunt pentru noi doar cuvinte, ci sarcini \u0219i obiective zilnice.<\/p>\n<p>[\/et_pb_text][et_pb_code _builder_version=&#8221;4.21.0&#8243; _module_preset=&#8221;default&#8221; module_alignment=&#8221;left&#8221; module_alignment_tablet=&#8221;left&#8221; module_alignment_phone=&#8221;left&#8221; module_alignment_last_edited=&#8221;on|phone&#8221; global_colors_info=&#8221;{}&#8221;]<\/p>\n<div class=\"pvo_social-icons\"><!-- [et_pb_line_break_holder] -->  <pee><!-- [et_pb_line_break_holder] --> Leg\u0103tura cu canalele de social media<!-- [et_pb_line_break_holder] -->  <\/pee><!-- [et_pb_line_break_holder] -->  <a href=\"https:\/\/www.facebook.com\/ludo.ligna\/?locale=de_DE\" target=\"_blank\" rel=\"noopener\"><img decoding=\"async\" data-src=\"https:\/\/ludoligna.com\/wp-content\/uploads\/2023\/06\/Facebook.png\" src=\"data:image\/svg+xml;base64,PHN2ZyB3aWR0aD0iMSIgaGVpZ2h0PSIxIiB4bWxucz0iaHR0cDovL3d3dy53My5vcmcvMjAwMC9zdmciPjwvc3ZnPg==\" class=\"lazyload\" style=\"--smush-placeholder-width: 150px; --smush-placeholder-aspect-ratio: 150\/150;\"><\/a><!-- [et_pb_line_break_holder] -->  <a href=\"https:\/\/www.instagram.com\/ludoligna\/?hl=de\" target=\"_blank\" rel=\"noopener\"><img decoding=\"async\" data-src=\"https:\/\/ludoligna.com\/wp-content\/uploads\/2023\/06\/Instagram.png\" src=\"data:image\/svg+xml;base64,PHN2ZyB3aWR0aD0iMSIgaGVpZ2h0PSIxIiB4bWxucz0iaHR0cDovL3d3dy53My5vcmcvMjAwMC9zdmciPjwvc3ZnPg==\" class=\"lazyload\" style=\"--smush-placeholder-width: 150px; --smush-placeholder-aspect-ratio: 150\/150;\"><\/a><!-- [et_pb_line_break_holder] -->  <a href=\"https:\/\/www.linkedin.com\/company\/ludo-ligna\/\" target=\"_blank\" rel=\"noopener\"><img decoding=\"async\" data-src=\"https:\/\/ludoligna.com\/wp-content\/uploads\/2023\/06\/LinkedIn.png\" src=\"data:image\/svg+xml;base64,PHN2ZyB3aWR0aD0iMSIgaGVpZ2h0PSIxIiB4bWxucz0iaHR0cDovL3d3dy53My5vcmcvMjAwMC9zdmciPjwvc3ZnPg==\" class=\"lazyload\" style=\"--smush-placeholder-width: 150px; --smush-placeholder-aspect-ratio: 150\/150;\"><\/a><!-- [et_pb_line_break_holder] --><\/div>\n<p>[\/et_pb_code][\/et_pb_column][\/et_pb_row][\/et_pb_section][et_pb_section fb_built=&#8221;1&#8243; _builder_version=&#8221;4.21.0&#8243; background_color=&#8221;#717878&#8243; custom_padding=&#8221;1px||0px|||&#8221; saved_tabs=&#8221;all&#8221; global_colors_info=&#8221;{}&#8221;][et_pb_row _builder_version=&#8221;4.16&#8243; global_colors_info=&#8221;{}&#8221;][et_pb_column type=&#8221;4_4&#8243; _builder_version=&#8221;4.16&#8243; global_colors_info=&#8221;{}&#8221;][et_pb_code _builder_version=&#8221;4.21.0&#8243; global_colors_info=&#8221;{}&#8221;]<\/p>\n<div class=\"pvo-footer-container lp-a\"><!-- [et_pb_line_break_holder] --><\/p>\n<div class=\"pvo-breadcrumbs\"><!-- [et_pb_line_break_holder] --><pee class=\"up pvo-white\"><!-- [et_pb_line_break_holder] -->Sunte\u021bi aici: <span><nav aria-label=\"breadcrumbs\">\n            <div class=\"breadcrumb-container theme1\">\n                <ol>\n                                    <\/ol>\n            <\/div>\n        <\/nav>    <script type=\"application\/ld+json\">\n        {\n            \"@context\": \"http:\/\/schema.org\",\n            \"@type\": \"BreadcrumbList\",\n            \"itemListElement\": [\n                            ]\n        }\n    <\/script>\n   \n    <script>\n            <\/script>\n<\/span><!-- [et_pb_line_break_holder] --><\/pee><!-- [et_pb_line_break_holder] --><\/div>\n<p><!-- [et_pb_line_break_holder] --><\/p>\n<hr>\n<p><!-- [et_pb_line_break_holder] --><\/p>\n<div class=\"pvo-footer-flex\"><!-- [et_pb_line_break_holder] --><\/p>\n<div><!-- [et_pb_line_break_holder] --><\/p>\n<ul class=\"pvo-footer-list\"><!-- [et_pb_line_break_holder] --><\/p>\n<li><a href=\"https:\/\/ludoligna.com\/ro\/\">Pagina de start<\/a><\/li>\n<p><!-- [et_pb_line_break_holder] --><\/ul>\n<p><!-- [et_pb_line_break_holder] --><\/div>\n<p><!-- [et_pb_line_break_holder] --><\/p>\n<div><!-- [et_pb_line_break_holder] --><\/p>\n<ul class=\"pvo-footer-list\"><!-- [et_pb_line_break_holder] --><\/p>\n<li><a href=\"https:\/\/ludoligna.com\/ro\/compania\/\">Compania<\/a><\/li>\n<p><!-- [et_pb_line_break_holder] --><\/p>\n<li><a href=\"https:\/\/ludoligna.com\/ro\/de-ce-ludo-ligna\/\">De ce Ludo Ligna<\/a><\/li>\n<p><!-- [et_pb_line_break_holder] --><\/p>\n<li><a href=\"https:\/\/ludoligna.com\/de\/nachhaltigkeit-qualit%C3%A4t\">Sustenabilitate &#038; Calitate<\/a><\/li>\n<p><!-- [et_pb_line_break_holder] --><\/ul>\n<p><!-- [et_pb_line_break_holder] --><\/div>\n<p><!-- [et_pb_line_break_holder] --><\/p>\n<div><!-- [et_pb_line_break_holder] --><\/p>\n<ul class=\"pvo-footer-list\"><!-- [et_pb_line_break_holder] --><\/p>\n<li><a href=\"https:\/\/ludoligna.com\/ro\/produse\/\">Produse<\/a><\/li>\n<p><!-- [et_pb_line_break_holder] --><\/p>\n<li><a href=\"https:\/\/ludoligna.com\/ro\/produse\/#profilteile\/\">PIESE PROFILATE<\/a><\/li>\n<p><!-- [et_pb_line_break_holder] --><\/p>\n<li><a href=\"https:\/\/ludoligna.com\/ro\/produse\/#lasercutteile\/\">Piese t\u0103iate cu laser<\/a><\/li>\n<p><!-- [et_pb_line_break_holder] --><\/p>\n<li><a href=\"https:\/\/ludoligna.com\/ro\/produse\/#tampondruckteile\/\">PIESE IMPRIMATE PRIN TAMPOGRAFIERE<\/a><\/li>\n<p><!-- [et_pb_line_break_holder] --><\/p>\n<li><a href=\"https:\/\/ludoligna.com\/ro\/produse\/#folienpraegung-und-reliefpraegung\/\">\u0218tan\u021bare cu folie \/ \u0219tan\u021bare \u00een relief<\/a><\/li>\n<p><!-- [et_pb_line_break_holder] --><\/p>\n<li><a href=\"https:\/\/ludoligna.com\/ro\/produse\/#dienstleistungen\/\">Alte servicii<\/a><\/li>\n<p><!-- [et_pb_line_break_holder] --><\/p>\n<li><a href=\"https:\/\/ludoligna.com\/ro\/produse\/#lilu\/\">Juc\u0103rii din lemn<\/a><\/li>\n<p><!-- [et_pb_line_break_holder] --><\/ul>\n<p><!-- [et_pb_line_break_holder] --><\/div>\n<p><!-- [et_pb_line_break_holder] --><\/p>\n<div><!-- [et_pb_line_break_holder] --><\/p>\n<ul class=\"pvo-footer-list\"><!-- [et_pb_line_break_holder] --><\/p>\n<li><a href=\"https:\/\/ludoligna.com\/ro\/persoana-de-contact\/\">Persoana de contact;<\/a><\/li>\n<p><!-- [et_pb_line_break_holder] --><\/ul>\n<p><!-- [et_pb_line_break_holder] --><\/div>\n<p><!-- [et_pb_line_break_holder] --><\/p>\n<div><!-- [et_pb_line_break_holder] --><\/p>\n<ul class=\"pvo-footer-list\"><!-- [et_pb_line_break_holder] --><\/p>\n<li><a href=\"https:\/\/ludofact.de\/gruppe\">Grupul<\/a><\/li>\n<p><!-- [et_pb_line_break_holder] --><\/p>\n<li><a href=\"https:\/\/ludofact.de\" target=\"_blank\" rel=\"noopener noreferrer\">Ludo Fact<\/a><\/li>\n<p><!-- [et_pb_line_break_holder] --><\/p>\n<li><a href=\"https:\/\/ludopackt.de\/en\" target=\"_blank\" rel=\"noopener noreferrer\">Ludo Packt<\/a><\/li>\n<p><!-- [et_pb_line_break_holder] --><\/p>\n<li><a href=\"https:\/\/www.hoehn-gruppe.com\/\" target=\"_blank\" rel=\"noopener noreferrer\">HOEHN Display + Verpackung<\/a><\/li>\n<p><!-- [et_pb_line_break_holder] --><\/p>\n<li><a href=\"https:\/\/www.druckdatenloesungen.de\" target=\"_blank\" rel=\"noopener noreferrer\">Friedmann Print Data Solutions<\/a><\/li>\n<p><!-- [et_pb_line_break_holder] --><\/p>\n<li><a href=\"https:\/\/ludofact.de\/en\/group\/ludo-fact-usa\/\" target=\"_blank\" rel=\"noopener noreferrer\">Ludo Fact USA<\/a><\/li>\n<p><!-- [et_pb_line_break_holder] --><\/p>\n<li><a href=\"http:\/\/ok-karton.cz\" target=\"_blank\" rel=\"noopener noreferrer\">Oriens Karton<\/a><\/li>\n<p><!-- [et_pb_line_break_holder] --><\/p>\n<li><a href=\"https:\/\/ventoludens.de\/\" target=\"_blank\" rel=\"noopener noreferrer\">Vento Ludens<\/a><\/li>\n<p><!-- [et_pb_line_break_holder] --><\/ul>\n<p><!-- [et_pb_line_break_holder] --><\/div>\n<p><!-- [et_pb_line_break_holder] --><\/p>\n<div><!-- [et_pb_line_break_holder] --><\/p>\n<ul class=\"pvo-footer-list\"><!-- [et_pb_line_break_holder] --><\/p>\n<li><a href=\"https:\/\/ludoligna.com\/ro\/contactati\/\">Contacta\u021bi<\/a><\/li>\n<p><!-- [et_pb_line_break_holder] --><\/p>\n<li><a href=\"https:\/\/ludoligna.com\/ro\/contactati\/\">Abordare<\/a><\/li>\n<p><!-- [et_pb_line_break_holder] --><\/p>\n<li><a href=\"https:\/\/ludoligna.com\/ro\/?page_id=8823\">Imprimare<\/a><\/li>\n<p><!-- [et_pb_line_break_holder] --><\/p>\n<li><a href=\"https:\/\/ludoligna.com\/de\/datenschutz\/\">protec\u021bia datelor<\/a><\/li>\n<p><!-- [et_pb_line_break_holder] --><\/ul>\n<p><!-- [et_pb_line_break_holder] --><\/div>\n<p><!-- [et_pb_line_break_holder] --><\/div>\n<p><!-- [et_pb_line_break_holder] --><\/p>\n<hr>\n<p><!-- [et_pb_line_break_holder] --><\/p>\n<div class=\"pvo-cred\"><!-- [et_pb_line_break_holder] --><pee class=\"pvo-white\"><!-- [et_pb_line_break_holder] -->\u00a9 2019 LUDO LIGNA S.R.L., Harghita, Romania<!-- [et_pb_line_break_holder] --><\/pee><!-- [et_pb_line_break_holder] --><\/div>\n<p><!-- [et_pb_line_break_holder] --><\/div>\n<p>[\/et_pb_code][\/et_pb_column][\/et_pb_row][\/et_pb_section]<\/p>\n","protected":false},"excerpt":{"rendered":"<p>UN PIC MAI MULT DESPRE NOICompania30 de angaja\u021bi lucreaz\u0103 \u00eempreun\u0103 pentru o companie t\u00e2n\u0103r\u0103 care se angajeaz\u0103 s\u0103 respecte un standard ridicat de calitate. Ludo Ligna produce componente din lemn pentru jocurile de societate care sunt produse \u00een grupul nostru. Ludo Ligna este o filial\u0103 a grupului de companii Ludo Fact. Aproximativ 800 de angaja\u021bi [&hellip;]<\/p>\n","protected":false},"author":1,"featured_media":0,"parent":0,"menu_order":0,"comment_status":"closed","ping_status":"closed","template":"","meta":{"_et_pb_use_builder":"on","_et_pb_old_content":"","_et_gb_content_width":"","footnotes":""},"class_list":["post-8811","page","type-page","status-publish","hentry"],"_links":{"self":[{"href":"https:\/\/ludoligna.com\/ro\/wp-json\/wp\/v2\/pages\/8811","targetHints":{"allow":["GET"]}}],"collection":[{"href":"https:\/\/ludoligna.com\/ro\/wp-json\/wp\/v2\/pages"}],"about":[{"href":"https:\/\/ludoligna.com\/ro\/wp-json\/wp\/v2\/types\/page"}],"author":[{"embeddable":true,"href":"https:\/\/ludoligna.com\/ro\/wp-json\/wp\/v2\/users\/1"}],"replies":[{"embeddable":true,"href":"https:\/\/ludoligna.com\/ro\/wp-json\/wp\/v2\/comments?post=8811"}],"version-history":[{"count":6,"href":"https:\/\/ludoligna.com\/ro\/wp-json\/wp\/v2\/pages\/8811\/revisions"}],"predecessor-version":[{"id":9085,"href":"https:\/\/ludoligna.com\/ro\/wp-json\/wp\/v2\/pages\/8811\/revisions\/9085"}],"wp:attachment":[{"href":"https:\/\/ludoligna.com\/ro\/wp-json\/wp\/v2\/media?parent=8811"}],"curies":[{"name":"wp","href":"https:\/\/api.w.org\/{rel}","templated":true}]}}