{"id":8793,"date":"2023-06-23T12:50:09","date_gmt":"2023-06-23T12:50:09","guid":{"rendered":"https:\/\/ludoligna.com\/grupul\/"},"modified":"2025-07-17T14:59:44","modified_gmt":"2025-07-17T14:59:44","slug":"grupul","status":"publish","type":"page","link":"https:\/\/ludoligna.com\/ro\/grupul\/","title":{"rendered":"Grupul"},"content":{"rendered":"<p>[et_pb_section fb_built=&#8221;1&#8243; _builder_version=&#8221;4.21.0&#8243; background_color=&#8221;#FFFFFF&#8221; custom_padding=&#8221;50px|||||&#8221; saved_tabs=&#8221;all&#8221; global_colors_info=&#8221;{}&#8221;][et_pb_row use_custom_gutter=&#8221;on&#8221; make_equal=&#8221;on&#8221; _builder_version=&#8221;4.16&#8243; custom_margin=&#8221;|auto|-3px|auto||&#8221; custom_padding=&#8221;2px||0px|||&#8221; global_colors_info=&#8221;{}&#8221;][et_pb_column type=&#8221;4_4&#8243; _builder_version=&#8221;4.16&#8243; global_colors_info=&#8221;{}&#8221;][et_pb_text _builder_version=&#8221;4.16&#8243; global_colors_info=&#8221;{}&#8221;]<\/p>\n<h2>Grupul de societ\u0103\u021bi<\/h2>\n<p>[\/et_pb_text][\/et_pb_column][\/et_pb_row][et_pb_row column_structure=&#8221;1_3,1_3,1_3&#8243; use_custom_gutter=&#8221;on&#8221; gutter_width=&#8221;2&#8243; _builder_version=&#8221;4.16&#8243; custom_padding=&#8221;||0px|||&#8221; global_colors_info=&#8221;{}&#8221;][et_pb_column type=&#8221;1_3&#8243; _builder_version=&#8221;4.16&#8243; custom_padding=&#8221;||50px||false|false&#8221; global_colors_info=&#8221;{}&#8221;][et_pb_image src=&#8221;https:\/\/ludoligna.com\/wp-content\/uploads\/2023\/01\/gruppe_fact_2.jpg&#8221; title_text=&#8221;gruppe_fact_2&#8243; align=&#8221;center&#8221; force_fullwidth=&#8221;on&#8221; _builder_version=&#8221;4.19.4&#8243; global_colors_info=&#8221;{}&#8221;][\/et_pb_image][et_pb_text module_class=&#8221;pv_box&#8221; _builder_version=&#8221;4.21.0&#8243; custom_css_main_element=&#8221;height: 120px;&#8221; global_colors_info=&#8221;{}&#8221;]<\/p>\n<h3>Ludo Fact<\/h3>\n<div class=\"underline\"><\/div>\n<p>Principalul produc\u0103tor de jocuri de societate \u0219i puzzle-uri independent de editor din Europa.<\/p>\n<p>[\/et_pb_text][et_pb_code _builder_version=&#8221;4.16&#8243; min_height=&#8221;60px&#8221; global_colors_info=&#8221;{}&#8221;]<a class=\"lf-button-s\" href=\"https:\/\/ludofact.de\" target=\"_blank\" rel=\"noopener noreferrer\">Site web<\/a>[\/et_pb_code][\/et_pb_column][et_pb_column type=&#8221;1_3&#8243; _builder_version=&#8221;4.16&#8243; custom_padding=&#8221;||50px||false|false&#8221; global_colors_info=&#8221;{}&#8221;][et_pb_image src=&#8221;https:\/\/ludoligna.com\/wp-content\/uploads\/2023\/06\/ludopackt2-1.jpg&#8221; title_text=&#8221;ludopackt2&#8243; align=&#8221;center&#8221; force_fullwidth=&#8221;on&#8221; _builder_version=&#8221;4.21.0&#8243; global_colors_info=&#8221;{}&#8221;][\/et_pb_image][et_pb_text module_class=&#8221;pv_box&#8221; _builder_version=&#8221;4.21.0&#8243; custom_css_main_element=&#8221;height: 120px;&#8221; global_colors_info=&#8221;{}&#8221;]<\/p>\n<h3>Ludo Packt<\/h3>\n<div class=\"underline\"><\/div>\n<p><span>Furnizorul de solu\u021bii eficiente pentru solu\u021bii logistice individuale \u00een domeniul Fulfillement la nivel mondial!<\/span>[\/et_pb_text][et_pb_code _builder_version=&#8221;4.21.0&#8243; global_colors_info=&#8221;{}&#8221;]<a class=\"lf-button-s\" href=\"https:\/\/ludopackt.de\" target=\"_blank\" rel=\"noopener noreferrer\">Site web<\/a>[\/et_pb_code][\/et_pb_column][et_pb_column type=&#8221;1_3&#8243; _builder_version=&#8221;4.16&#8243; custom_padding=&#8221;||50px||false|false&#8221; global_colors_info=&#8221;{}&#8221;][et_pb_image src=&#8221;https:\/\/ludoligna.com\/wp-content\/uploads\/2020\/11\/hoehn2.jpg&#8221; title_text=&#8221;hoehn2&#8243; align=&#8221;center&#8221; force_fullwidth=&#8221;on&#8221; _builder_version=&#8221;4.16&#8243; global_colors_info=&#8221;{}&#8221;][\/et_pb_image][et_pb_text module_class=&#8221;pv_box&#8221; _builder_version=&#8221;4.27.4&#8243; custom_margin=&#8221;||18px|||&#8221; custom_padding=&#8221;||14px|||&#8221; hover_enabled=&#8221;0&#8243; custom_css_main_element=&#8221;height: 120px;&#8221; global_colors_info=&#8221;{}&#8221; sticky_enabled=&#8221;0&#8243;]<\/p>\n<h3>H\u00d6HN DISPLAY + VERPACKUNG<\/h3>\n<div class=\"underline\"><\/div>\n<p>Filiala noastr\u0103 produce ambalaje \u0219i cutii pliabile din carton ondulat laminat \u0219i carton solid.<\/p>\n<p>[\/et_pb_text][et_pb_code _builder_version=&#8221;4.16&#8243; global_colors_info=&#8221;{}&#8221;]<a class=\"lf-button-s\" href=\"https:\/\/www.hoehn-gruppe.com\/\" target=\"_blank\" rel=\"noopener noreferrer\">Site web<\/a>[\/et_pb_code][\/et_pb_column][\/et_pb_row][et_pb_row column_structure=&#8221;1_3,1_3,1_3&#8243; use_custom_gutter=&#8221;on&#8221; gutter_width=&#8221;2&#8243; _builder_version=&#8221;4.16&#8243; custom_padding=&#8221;||0px|||&#8221; global_colors_info=&#8221;{}&#8221;][et_pb_column type=&#8221;1_3&#8243; _builder_version=&#8221;4.16&#8243; custom_padding=&#8221;||50px||false|false&#8221; global_colors_info=&#8221;{}&#8221;][et_pb_image src=&#8221;https:\/\/ludoligna.com\/wp-content\/uploads\/2020\/11\/friedmann2.jpg&#8221; title_text=&#8221;friedmann2&#8243; align=&#8221;center&#8221; force_fullwidth=&#8221;on&#8221; _builder_version=&#8221;4.16&#8243; global_colors_info=&#8221;{}&#8221;][\/et_pb_image][et_pb_text module_class=&#8221;pv_box&#8221; _builder_version=&#8221;4.16&#8243; custom_css_main_element=&#8221;height: 120px;&#8221; global_colors_info=&#8221;{}&#8221;]<\/p>\n<h3>FRIEDMANN PRINT DATA SOLUTIONS<\/h3>\n<div class=\"underline\"><\/div>\n<p>Friedmann Print Data Solutions produce produse de imprimare digital\u0103 din 2006 \u0219i furnizeaz\u0103 numeroase sectoare industriale.<\/p>\n<p>[\/et_pb_text][et_pb_code _builder_version=&#8221;4.16&#8243; global_colors_info=&#8221;{}&#8221;]<a class=\"lf-button-s\" href=\"https:\/\/www.druckdatenloesungen.de\/\" target=\"_blank\" rel=\"noopener noreferrer\">Site web<\/a>[\/et_pb_code][\/et_pb_column][et_pb_column type=&#8221;1_3&#8243; _builder_version=&#8221;4.16&#8243; custom_padding=&#8221;||50px||false|false&#8221; global_colors_info=&#8221;{}&#8221;][et_pb_image src=&#8221;https:\/\/ludoligna.com\/wp-content\/uploads\/2019\/12\/ludofact-usa.jpg&#8221; title_text=&#8221;ludofact-usa&#8221; align=&#8221;center&#8221; force_fullwidth=&#8221;on&#8221; _builder_version=&#8221;4.19.4&#8243; global_colors_info=&#8221;{}&#8221;][\/et_pb_image][et_pb_text module_class=&#8221;pv_box&#8221; _builder_version=&#8221;4.16&#8243; custom_css_main_element=&#8221;height: 120px;&#8221; global_colors_info=&#8221;{}&#8221;]<\/p>\n<h3>Ludo Fact USA<\/h3>\n<div class=\"underline\"><\/div>\n<p>Filiala noastr\u0103 american\u0103 din Lafayette, Indiana, produce, de asemenea, jocuri de societate \u0219i puzzle-uri.<\/p>\n<p>[\/et_pb_text][et_pb_code _builder_version=&#8221;4.16&#8243; global_colors_info=&#8221;{}&#8221;]<a class=\"lf-button-s\" href=\"https:\/\/ludofactusa.com\/en\/\" target=\"_blank\" rel=\"noopener noreferrer\">Site web<\/a>[\/et_pb_code][\/et_pb_column][et_pb_column type=&#8221;1_3&#8243; _builder_version=&#8221;4.16&#8243; custom_padding=&#8221;||50px||false|false&#8221; global_colors_info=&#8221;{}&#8221;][et_pb_image src=&#8221;https:\/\/ludoligna.com\/wp-content\/uploads\/2019\/12\/oriens-karton.jpg&#8221; align=&#8221;center&#8221; force_fullwidth=&#8221;on&#8221; _builder_version=&#8221;4.16&#8243; global_colors_info=&#8221;{}&#8221;][\/et_pb_image][et_pb_text module_class=&#8221;pv_box&#8221; _builder_version=&#8221;4.21.0&#8243; custom_css_main_element=&#8221;height: 120px;&#8221; global_colors_info=&#8221;{}&#8221;]<\/p>\n<h3>Oriens Karton<\/h3>\n<div class=\"underline\"><\/div>\n<p>Oriens Karton este inc\u0103 din 2005 partenerul nostru Joint Venture in Cehia, una dintre cele trei puncte de productie care ne apartin fiind situata in Mnichovo Hradi\u0161t\u011b. Mnichovo Hradi\u0161t\u011b este una dintre cele trei unit\u0103\u021bi de produc\u021bie ale noastre.<\/p>\n<p>[\/et_pb_text][et_pb_code _builder_version=&#8221;4.16&#8243; global_colors_info=&#8221;{}&#8221;]<a class=\"lf-button-s\" href=\"http:\/\/ok-karton.cz\/\" target=\"_blank\" rel=\"noopener noreferrer\">Site web<\/a>[\/et_pb_code][\/et_pb_column][\/et_pb_row][et_pb_row column_structure=&#8221;1_3,1_3,1_3&#8243; use_custom_gutter=&#8221;on&#8221; gutter_width=&#8221;2&#8243; _builder_version=&#8221;4.16&#8243; custom_padding=&#8221;||0px|||&#8221; global_colors_info=&#8221;{}&#8221;][et_pb_column type=&#8221;1_3&#8243; _builder_version=&#8221;4.16&#8243; custom_padding=&#8221;||50px||false|false&#8221; global_colors_info=&#8221;{}&#8221;][et_pb_image src=&#8221;https:\/\/ludoligna.com\/wp-content\/uploads\/2020\/11\/vento-ludens.jpg&#8221; title_text=&#8221;vento-ludens&#8221; align=&#8221;center&#8221; force_fullwidth=&#8221;on&#8221; _builder_version=&#8221;4.16&#8243; global_colors_info=&#8221;{}&#8221;][\/et_pb_image][et_pb_text module_class=&#8221;pv_box&#8221; _builder_version=&#8221;4.21.0&#8243; custom_padding=&#8221;||0px|||&#8221; custom_css_main_element=&#8221;height: 120px&#8221; global_colors_info=&#8221;{}&#8221;]<\/p>\n<h3>Vento Ludens<\/h3>\n<div class=\"underline\"><\/div>\n<p>Planificator, investitor \u0219i operator pentru centrale de energie regenerabil\u0103, centrale eoliene \u0219i fotovoltaice.<\/p>\n<p>[\/et_pb_text][et_pb_code _builder_version=&#8221;4.16&#8243; global_colors_info=&#8221;{}&#8221;]<a class=\"lf-button-s\" href=\"https:\/\/ventoludens.de\/\" target=\"_blank\" rel=\"noopener noreferrer\">Site web<\/a>[\/et_pb_code][\/et_pb_column][et_pb_column type=&#8221;1_3&#8243; _builder_version=&#8221;4.16&#8243; custom_padding=&#8221;||50px||false|false&#8221; global_colors_info=&#8221;{}&#8221;][\/et_pb_column][et_pb_column type=&#8221;1_3&#8243; _builder_version=&#8221;4.16&#8243; custom_padding=&#8221;||50px||false|false&#8221; global_colors_info=&#8221;{}&#8221;][\/et_pb_column][\/et_pb_row][\/et_pb_section][et_pb_section fb_built=&#8221;1&#8243; _builder_version=&#8221;4.21.0&#8243; background_color=&#8221;#717878&#8243; custom_padding=&#8221;1px||0px|||&#8221; saved_tabs=&#8221;all&#8221; global_colors_info=&#8221;{}&#8221;][et_pb_row _builder_version=&#8221;4.16&#8243; global_colors_info=&#8221;{}&#8221;][et_pb_column type=&#8221;4_4&#8243; _builder_version=&#8221;4.16&#8243; global_colors_info=&#8221;{}&#8221;][et_pb_code _builder_version=&#8221;4.21.0&#8243; global_colors_info=&#8221;{}&#8221;]<\/p>\n<div class=\"pvo-footer-container lp-a\"><!-- [et_pb_line_break_holder] --><\/p>\n<div class=\"pvo-breadcrumbs\"><!-- [et_pb_line_break_holder] --><pee class=\"up pvo-white\"><!-- [et_pb_line_break_holder] -->Sunte\u021bi aici: <span><nav aria-label=\"breadcrumbs\">\n            <div class=\"breadcrumb-container theme1\">\n                <ol>\n                                    <\/ol>\n            <\/div>\n        <\/nav>    <script type=\"application\/ld+json\">\n        {\n            \"@context\": \"http:\/\/schema.org\",\n            \"@type\": \"BreadcrumbList\",\n            \"itemListElement\": [\n                            ]\n        }\n    <\/script>\n   \n    <script>\n            <\/script>\n<\/span><!-- [et_pb_line_break_holder] --><\/pee><!-- [et_pb_line_break_holder] --><\/div>\n<p><!-- [et_pb_line_break_holder] --><\/p>\n<hr>\n<p><!-- [et_pb_line_break_holder] --><\/p>\n<div class=\"pvo-footer-flex\"><!-- [et_pb_line_break_holder] --><\/p>\n<div><!-- [et_pb_line_break_holder] --><\/p>\n<ul class=\"pvo-footer-list\"><!-- [et_pb_line_break_holder] --><\/p>\n<li><a href=\"https:\/\/ludoligna.com\/ro\/\">Pagina de start<\/a><\/li>\n<p><!-- [et_pb_line_break_holder] --><\/ul>\n<p><!-- [et_pb_line_break_holder] --><\/div>\n<p><!-- [et_pb_line_break_holder] --><\/p>\n<div><!-- [et_pb_line_break_holder] --><\/p>\n<ul class=\"pvo-footer-list\"><!-- [et_pb_line_break_holder] --><\/p>\n<li><a href=\"https:\/\/ludoligna.com\/ro\/compania\/\">Compania<\/a><\/li>\n<p><!-- [et_pb_line_break_holder] --><\/p>\n<li><a href=\"https:\/\/ludoligna.com\/ro\/de-ce-ludo-ligna\/\">De ce Ludo Ligna<\/a><\/li>\n<p><!-- [et_pb_line_break_holder] --><\/p>\n<li><a href=\"https:\/\/ludoligna.com\/de\/nachhaltigkeit-qualit%C3%A4t\">Sustenabilitate &#038; Calitate<\/a><\/li>\n<p><!-- [et_pb_line_break_holder] --><\/ul>\n<p><!-- [et_pb_line_break_holder] --><\/div>\n<p><!-- [et_pb_line_break_holder] --><\/p>\n<div><!-- [et_pb_line_break_holder] --><\/p>\n<ul class=\"pvo-footer-list\"><!-- [et_pb_line_break_holder] --><\/p>\n<li><a href=\"https:\/\/ludoligna.com\/ro\/produse\/\">Produse<\/a><\/li>\n<p><!-- [et_pb_line_break_holder] --><\/p>\n<li><a href=\"https:\/\/ludoligna.com\/ro\/produse\/#profilteile\/\">PIESE PROFILATE<\/a><\/li>\n<p><!-- [et_pb_line_break_holder] --><\/p>\n<li><a href=\"https:\/\/ludoligna.com\/ro\/produse\/#lasercutteile\/\">Piese t\u0103iate cu laser<\/a><\/li>\n<p><!-- [et_pb_line_break_holder] --><\/p>\n<li><a href=\"https:\/\/ludoligna.com\/ro\/produse\/#tampondruckteile\/\">PIESE IMPRIMATE PRIN TAMPOGRAFIERE<\/a><\/li>\n<p><!-- [et_pb_line_break_holder] --><\/p>\n<li><a href=\"https:\/\/ludoligna.com\/ro\/produse\/#folienpraegung-und-reliefpraegung\/\">\u0218tan\u021bare cu folie \/ \u0219tan\u021bare \u00een relief<\/a><\/li>\n<p><!-- [et_pb_line_break_holder] --><\/p>\n<li><a href=\"https:\/\/ludoligna.com\/ro\/produse\/#dienstleistungen\/\">Alte servicii<\/a><\/li>\n<p><!-- [et_pb_line_break_holder] --><\/p>\n<li><a href=\"https:\/\/ludoligna.com\/ro\/produse\/#lilu\/\">Juc\u0103rii din lemn<\/a><\/li>\n<p><!-- [et_pb_line_break_holder] --><\/ul>\n<p><!-- [et_pb_line_break_holder] --><\/div>\n<p><!-- [et_pb_line_break_holder] --><\/p>\n<div><!-- [et_pb_line_break_holder] --><\/p>\n<ul class=\"pvo-footer-list\"><!-- [et_pb_line_break_holder] --><\/p>\n<li><a href=\"https:\/\/ludoligna.com\/ro\/persoana-de-contact\/\">Persoana de contact;<\/a><\/li>\n<p><!-- [et_pb_line_break_holder] --><\/ul>\n<p><!-- [et_pb_line_break_holder] --><\/div>\n<p><!-- [et_pb_line_break_holder] --><\/p>\n<div><!-- [et_pb_line_break_holder] --><\/p>\n<ul class=\"pvo-footer-list\"><!-- [et_pb_line_break_holder] --><\/p>\n<li><a href=\"https:\/\/ludofact.de\/gruppe\">Grupul<\/a><\/li>\n<p><!-- [et_pb_line_break_holder] --><\/p>\n<li><a href=\"https:\/\/ludofact.de\" target=\"_blank\" rel=\"noopener noreferrer\">Ludo Fact<\/a><\/li>\n<p><!-- [et_pb_line_break_holder] --><\/p>\n<li><a href=\"https:\/\/ludopackt.de\/en\" target=\"_blank\" rel=\"noopener noreferrer\">Ludo Packt<\/a><\/li>\n<p><!-- [et_pb_line_break_holder] --><\/p>\n<li><a href=\"https:\/\/www.hoehn-gruppe.com\/\" target=\"_blank\" rel=\"noopener noreferrer\">HOEHN Display + Verpackung<\/a><\/li>\n<p><!-- [et_pb_line_break_holder] --><\/p>\n<li><a href=\"https:\/\/www.druckdatenloesungen.de\" target=\"_blank\" rel=\"noopener noreferrer\">Friedmann Print Data Solutions<\/a><\/li>\n<p><!-- [et_pb_line_break_holder] --><\/p>\n<li><a href=\"https:\/\/ludofact.de\/en\/group\/ludo-fact-usa\/\" target=\"_blank\" rel=\"noopener noreferrer\">Ludo Fact USA<\/a><\/li>\n<p><!-- [et_pb_line_break_holder] --><\/p>\n<li><a href=\"http:\/\/ok-karton.cz\" target=\"_blank\" rel=\"noopener noreferrer\">Oriens Karton<\/a><\/li>\n<p><!-- [et_pb_line_break_holder] --><\/p>\n<li><a href=\"https:\/\/ventoludens.de\/\" target=\"_blank\" rel=\"noopener noreferrer\">Vento Ludens<\/a><\/li>\n<p><!-- [et_pb_line_break_holder] --><\/ul>\n<p><!-- [et_pb_line_break_holder] --><\/div>\n<p><!-- [et_pb_line_break_holder] --><\/p>\n<div><!-- [et_pb_line_break_holder] --><\/p>\n<ul class=\"pvo-footer-list\"><!-- [et_pb_line_break_holder] --><\/p>\n<li><a href=\"https:\/\/ludoligna.com\/ro\/contactati\/\">Contacta\u021bi<\/a><\/li>\n<p><!-- [et_pb_line_break_holder] --><\/p>\n<li><a href=\"https:\/\/ludoligna.com\/ro\/contactati\/\">Abordare<\/a><\/li>\n<p><!-- [et_pb_line_break_holder] --><\/p>\n<li><a href=\"https:\/\/ludoligna.com\/ro\/?page_id=8823\">Imprimare<\/a><\/li>\n<p><!-- [et_pb_line_break_holder] --><\/p>\n<li><a href=\"https:\/\/ludoligna.com\/de\/datenschutz\/\">protec\u021bia datelor<\/a><\/li>\n<p><!-- [et_pb_line_break_holder] --><\/ul>\n<p><!-- [et_pb_line_break_holder] --><\/div>\n<p><!-- [et_pb_line_break_holder] --><\/div>\n<p><!-- [et_pb_line_break_holder] --><\/p>\n<hr>\n<p><!-- [et_pb_line_break_holder] --><\/p>\n<div class=\"pvo-cred\"><!-- [et_pb_line_break_holder] --><pee class=\"pvo-white\"><!-- [et_pb_line_break_holder] -->\u00a9 2019 LUDO LIGNA S.R.L., Harghita, Romania<!-- [et_pb_line_break_holder] --><\/pee><!-- [et_pb_line_break_holder] --><\/div>\n<p><!-- [et_pb_line_break_holder] --><\/div>\n<p>[\/et_pb_code][\/et_pb_column][\/et_pb_row][\/et_pb_section]<\/p>\n","protected":false},"excerpt":{"rendered":"<p>Grupul de societ\u0103\u021biLudo Fact Principalul produc\u0103tor de jocuri de societate \u0219i puzzle-uri independent de editor din Europa.Ludo Packt Furnizorul de solu\u021bii eficiente pentru solu\u021bii logistice individuale \u00een domeniul Fulfillement la nivel mondial!H\u00d6HN DISPLAY + VERPACKUNG Filiala noastr\u0103 produce ambalaje \u0219i cutii pliabile din carton ondulat laminat \u0219i carton solid.FRIEDMANN PRINT DATA SOLUTIONS Friedmann Print Data [&hellip;]<\/p>\n","protected":false},"author":1,"featured_media":0,"parent":0,"menu_order":0,"comment_status":"closed","ping_status":"closed","template":"","meta":{"_et_pb_use_builder":"on","_et_pb_old_content":"","_et_gb_content_width":"","footnotes":""},"class_list":["post-8793","page","type-page","status-publish","hentry"],"_links":{"self":[{"href":"https:\/\/ludoligna.com\/ro\/wp-json\/wp\/v2\/pages\/8793","targetHints":{"allow":["GET"]}}],"collection":[{"href":"https:\/\/ludoligna.com\/ro\/wp-json\/wp\/v2\/pages"}],"about":[{"href":"https:\/\/ludoligna.com\/ro\/wp-json\/wp\/v2\/types\/page"}],"author":[{"embeddable":true,"href":"https:\/\/ludoligna.com\/ro\/wp-json\/wp\/v2\/users\/1"}],"replies":[{"embeddable":true,"href":"https:\/\/ludoligna.com\/ro\/wp-json\/wp\/v2\/comments?post=8793"}],"version-history":[{"count":11,"href":"https:\/\/ludoligna.com\/ro\/wp-json\/wp\/v2\/pages\/8793\/revisions"}],"predecessor-version":[{"id":9168,"href":"https:\/\/ludoligna.com\/ro\/wp-json\/wp\/v2\/pages\/8793\/revisions\/9168"}],"wp:attachment":[{"href":"https:\/\/ludoligna.com\/ro\/wp-json\/wp\/v2\/media?parent=8793"}],"curies":[{"name":"wp","href":"https:\/\/api.w.org\/{rel}","templated":true}]}}