{"id":3322,"date":"2023-05-31T14:26:46","date_gmt":"2023-05-31T14:26:46","guid":{"rendered":"https:\/\/ludoligna.com\/?page_id=3322"},"modified":"2024-11-06T14:17:13","modified_gmt":"2024-11-06T14:17:13","slug":"nachhaltigkeit-qualitaet","status":"publish","type":"page","link":"https:\/\/ludoligna.com\/de\/nachhaltigkeit-qualitaet\/","title":{"rendered":"Nachhaltigkeit &#038; Qualit\u00e4t"},"content":{"rendered":"<p>[et_pb_section fb_built=&#8220;1&#8243; module_class=&#8220;pvo_heading-banner&#8220; _builder_version=&#8220;4.21.0&#8243; background_color=&#8220;#c6c6c6&#8243; background_image=&#8220;https:\/\/ludoligna.com\/wp-content\/uploads\/2023\/06\/DS1_8596.jpg&#8220; background_blend=&#8220;multiply&#8220; custom_padding=&#8220;||61px|||&#8220; custom_css_main_element=&#8220;max-height: 500px;||position: relative;&#8220; global_colors_info=&#8220;{}&#8220;][et_pb_row module_class=&#8220;pvo_flex-center&#8220; _builder_version=&#8220;4.21.0&#8243; background_enable_color=&#8220;off&#8220; width=&#8220;100%&#8220; min_height=&#8220;354px&#8220; min_height_last_edited=&#8220;off|desktop&#8220; custom_margin=&#8220;0px|auto||auto|false|false&#8220; custom_padding=&#8220;0px|||||&#8220; custom_css_main_element=&#8220;display:flex;||align-items: center;&#8220; global_colors_info=&#8220;{}&#8220;][et_pb_column type=&#8220;4_4&#8243; _builder_version=&#8220;4.16&#8243; global_colors_info=&#8220;{}&#8220;][et_pb_text module_class=&#8220;header-heading&#8220; _builder_version=&#8220;4.21.0&#8243; text_font=&#8220;|600||on|||||&#8220; text_text_color=&#8220;#ffffff&#8220; text_font_size=&#8220;60px&#8220; custom_css_main_element=&#8220;line-height: 1.1;&#8220; global_colors_info=&#8220;{}&#8220;]<\/p>\n<p style=\"text-align: center;\"><strong>Nachhaltigkeit &amp; Qualit\u00e4t<\/strong><span class=\"underline\"><\/span><\/p>\n<p>[\/et_pb_text][\/et_pb_column][\/et_pb_row][\/et_pb_section][et_pb_section fb_built=&#8220;1&#8243; _builder_version=&#8220;4.21.0&#8243; background_color=&#8220;#FFFFFF&#8220; custom_padding=&#8220;50px||40px|||&#8220; global_colors_info=&#8220;{}&#8220;][et_pb_row use_custom_gutter=&#8220;on&#8220; make_equal=&#8220;on&#8220; _builder_version=&#8220;4.16&#8243; custom_margin=&#8220;|auto|-3px|auto||&#8220; custom_padding=&#8220;2px||0px|||&#8220; global_colors_info=&#8220;{}&#8220;][et_pb_column type=&#8220;4_4&#8243; _builder_version=&#8220;4.16&#8243; global_colors_info=&#8220;{}&#8220;][et_pb_text _builder_version=&#8220;4.21.0&#8243; custom_margin=&#8220;||0px|||&#8220; custom_padding=&#8220;||7px|||&#8220; global_colors_info=&#8220;{}&#8220;]<\/p>\n<h2 style=\"text-align: center;\">EINE GRUPPE \u2013 900 MITARBEITER \u2013 EIN ZIEL<\/h2>\n<p>[\/et_pb_text][et_pb_text _builder_version=&#8220;4.21.0&#8243; _module_preset=&#8220;default&#8220; custom_css_main_element=&#8220;font-size: 18px;||line-height: 160% !important;||text-align: center;||margin: 0 auto;||width:80%&#8220; global_colors_info=&#8220;{}&#8220; custom_css_main_element_last_edited=&#8220;on|phone&#8220; custom_css_main_element_phone=&#8220;width: 95% !important;&#8220; custom_css_main_element_tablet=&#8220;font-size: 18px;||line-height: 160% !important;||text-align: center;||margin: 0 auto;||width:80%&#8220;]<\/p>\n<p style=\"text-align: center;\">\u2026nicht nur von Nachhaltigkeit sprechen, sondern auch dementsprechend handeln. Neben dem Aspekt der Qualit\u00e4t achten wir zudem auf die Themen Nachhaltigkeit und soziale Verantwortung.<\/p>\n<p>[\/et_pb_text][et_pb_code _builder_version=&#8220;4.21.0&#8243; _module_preset=&#8220;default&#8220; global_colors_info=&#8220;{}&#8220;][\/et_pb_code][\/et_pb_column][\/et_pb_row][et_pb_row column_structure=&#8220;1_3,1_3,1_3&#8243; use_custom_gutter=&#8220;on&#8220; make_equal=&#8220;on&#8220; _builder_version=&#8220;4.21.0&#8243; global_colors_info=&#8220;{}&#8220;][et_pb_column type=&#8220;1_3&#8243; _builder_version=&#8220;4.16&#8243; global_colors_info=&#8220;{}&#8220;][et_pb_image src=&#8220;https:\/\/ludoligna.com\/wp-content\/uploads\/2019\/08\/soziales-egnagement-container.jpg&#8220; title_text=&#8220;soziales-egnagement-container&#8220; align=&#8220;center&#8220; force_fullwidth=&#8220;on&#8220; _builder_version=&#8220;4.21.0&#8243; custom_margin=&#8220;||8px||false|false&#8220; custom_padding_tablet=&#8220;&#8220; custom_padding_phone=&#8220;||||false|false&#8220; custom_padding_last_edited=&#8220;on|phone&#8220; global_colors_info=&#8220;{}&#8220;][\/et_pb_image][et_pb_text content_tablet=&#8220;<\/p>\n<h4>Hilfe f\u00fcr Burkina Faso e.V.<\/h4>\n<p>&#8220; content_phone=&#8220;<\/p>\n<h4 style=%22text-align: center;%22>Hilfe f\u00fcr Burkina Faso e.V.<\/h4>\n<p>&#8220; content_last_edited=&#8220;on|phone&#8220; _builder_version=&#8220;4.21.0&#8243; global_colors_info=&#8220;{}&#8220;]<\/p>\n<h4>Hilfe f\u00fcr Burkina Faso e.V.<\/h4>\n<p>[\/et_pb_text][\/et_pb_column][et_pb_column type=&#8220;1_3&#8243; _builder_version=&#8220;4.16&#8243; global_colors_info=&#8220;{}&#8220;][et_pb_image src=&#8220;https:\/\/ludoligna.com\/wp-content\/uploads\/2023\/06\/go-green-holzwirtschaft.jpg&#8220; title_text=&#8220;go-green-holzwirtschaft&#8220; align=&#8220;center&#8220; force_fullwidth=&#8220;on&#8220; _builder_version=&#8220;4.21.0&#8243; custom_margin=&#8220;||8px||false|false&#8220; global_colors_info=&#8220;{}&#8220;][\/et_pb_image][et_pb_text _builder_version=&#8220;4.21.0&#8243; global_colors_info=&#8220;{}&#8220;]<\/p>\n<h4>Ludo Fact goes green<\/h4>\n<p>[\/et_pb_text][\/et_pb_column][et_pb_column type=&#8220;1_3&#8243; _builder_version=&#8220;4.16&#8243; global_colors_info=&#8220;{}&#8220;][et_pb_image src=&#8220;https:\/\/ludoligna.com\/wp-content\/uploads\/2023\/06\/Borneo-REDD-Nursery.jpg&#8220; title_text=&#8220;Borneo-REDD-Nursery&#8220; align=&#8220;center&#8220; force_fullwidth=&#8220;on&#8220; _builder_version=&#8220;4.21.0&#8243; custom_margin=&#8220;||8px||false|false&#8220; global_colors_info=&#8220;{}&#8220;][\/et_pb_image][et_pb_text _builder_version=&#8220;4.27.2&#8243; hover_enabled=&#8220;0&#8243; global_colors_info=&#8220;{}&#8220; sticky_enabled=&#8220;0&#8243;]<\/p>\n<h4>Klimabewusst<\/h4>\n<p>[\/et_pb_text][\/et_pb_column][\/et_pb_row][\/et_pb_section][et_pb_section fb_built=&#8220;1&#8243; _builder_version=&#8220;4.21.0&#8243; _module_preset=&#8220;default&#8220; custom_padding=&#8220;0px||0px||false|false&#8220; global_colors_info=&#8220;{}&#8220;][et_pb_row _builder_version=&#8220;4.21.0&#8243; _module_preset=&#8220;default&#8220; custom_padding=&#8220;40px||17px|||&#8220; global_colors_info=&#8220;{}&#8220;][et_pb_column type=&#8220;4_4&#8243; _builder_version=&#8220;4.21.0&#8243; _module_preset=&#8220;default&#8220; global_colors_info=&#8220;{}&#8220;][et_pb_divider color=&#8220;#efefef&#8220; _builder_version=&#8220;4.21.0&#8243; _module_preset=&#8220;default&#8220; width=&#8220;80%&#8220; module_alignment=&#8220;center&#8220; custom_padding=&#8220;||11px|||&#8220; global_colors_info=&#8220;{}&#8220;][\/et_pb_divider][\/et_pb_column][\/et_pb_row][\/et_pb_section][et_pb_section fb_built=&#8220;1&#8243; _builder_version=&#8220;4.21.0&#8243; custom_padding=&#8220;35px||90px|||&#8220; global_colors_info=&#8220;{}&#8220;][et_pb_row column_structure=&#8220;1_2,1_2&#8243; use_custom_gutter=&#8220;on&#8220; gutter_width=&#8220;2&#8243; _builder_version=&#8220;4.21.0&#8243; global_colors_info=&#8220;{}&#8220;][et_pb_column type=&#8220;1_2&#8243; _builder_version=&#8220;4.16&#8243; global_colors_info=&#8220;{}&#8220;][et_pb_image src=&#8220;https:\/\/ludoligna.com\/wp-content\/uploads\/2023\/06\/DS1_8790.jpg&#8220; title_text=&#8220;DS1_8790&#8243; disabled_on=&#8220;off|off|on&#8220; _builder_version=&#8220;4.21.0&#8243; _module_preset=&#8220;default&#8220; global_colors_info=&#8220;{}&#8220;][\/et_pb_image][et_pb_text _builder_version=&#8220;4.27.2&#8243; custom_padding=&#8220;||3px|||&#8220; global_colors_info=&#8220;{}&#8220;]<\/p>\n<h3>NACHHALTIGE HOLZ-KOMPONENTEN<\/h3>\n<p>Die Holzproduktion f\u00fcr Spiele erfolgt in gro\u00dfen Ma\u00dfen aus regionalem Anbau. Die Verarbeitung des Holzes erfolgt lokal, Abfallprodukte werden direkt zur Energieerzeugung verwendet oder zu organischem, umweltschonendem Brennmaterial verarbeitet.<\/p>\n<p>Durch modernste Technik k\u00f6nnen wir eine hohe Qualit\u00e4tssicherung gew\u00e4hrleisten. So f\u00fchren wir unter anderem pr\u00e4zise Feuchtemessungen der Holzteile durch.<\/p>\n<p>&nbsp;<\/p>\n<h3><span class=\"fsc-copyright\">FSC<\/span> Zertifikat<\/h3>\n<p><a href=\"https:\/\/ludoligna.com\/wp-content\/uploads\/2023\/12\/202306_FSC-CERTIFICATE.pdf\" target=\"_blank\" rel=\"noopener\">Zertifikat ansehen<\/a><\/p>\n<p>[\/et_pb_text][\/et_pb_column][et_pb_column type=&#8220;1_2&#8243; _builder_version=&#8220;4.16&#8243; global_colors_info=&#8220;{}&#8220;][et_pb_image src=&#8220;https:\/\/ludoligna.com\/wp-content\/uploads\/2023\/06\/DS1_8790.jpg&#8220; title_text=&#8220;DS1_8790&#8243; disabled_on=&#8220;on|on|off&#8220; _builder_version=&#8220;4.21.0&#8243; _module_preset=&#8220;default&#8220; global_colors_info=&#8220;{}&#8220;][\/et_pb_image][\/et_pb_column][\/et_pb_row][\/et_pb_section][et_pb_section fb_built=&#8220;1&#8243; _builder_version=&#8220;4.21.0&#8243; background_color=&#8220;#717878&#8243; custom_padding=&#8220;1px||0px|||&#8220; global_module=&#8220;178&#8243; saved_tabs=&#8220;all&#8220; global_colors_info=&#8220;{}&#8220;][et_pb_row _builder_version=&#8220;4.16&#8243; global_colors_info=&#8220;{}&#8220;][et_pb_column type=&#8220;4_4&#8243; _builder_version=&#8220;4.16&#8243; global_colors_info=&#8220;{}&#8220;][et_pb_code _builder_version=&#8220;4.21.0&#8243; global_colors_info=&#8220;{}&#8220;]<\/p>\n<div class=\"pvo-footer-container lp-a\"><!-- [et_pb_line_break_holder] -->  <\/p>\n<div class=\"pvo-breadcrumbs\"><!-- [et_pb_line_break_holder] -->    <pee class=\"up pvo-white\"><!-- [et_pb_line_break_holder] -->      Sie sind hier: <span><nav aria-label=\"breadcrumbs\">\n            <div class=\"breadcrumb-container theme1\">\n                <ol>\n                                    <\/ol>\n            <\/div>\n        <\/nav>    <script type=\"application\/ld+json\">\n        {\n            \"@context\": \"http:\/\/schema.org\",\n            \"@type\": \"BreadcrumbList\",\n            \"itemListElement\": [\n                            ]\n        }\n    <\/script>\n   \n    <script>\n            <\/script>\n<\/span><!-- [et_pb_line_break_holder] -->    <\/pee><!-- [et_pb_line_break_holder] -->  <\/div>\n<p><!-- [et_pb_line_break_holder] -->  <\/p>\n<hr>\n<p><!-- [et_pb_line_break_holder] -->  <\/p>\n<div class=\"pvo-footer-flex\"><!-- [et_pb_line_break_holder] -->    <\/p>\n<div><!-- [et_pb_line_break_holder] -->      <\/p>\n<ul class=\"pvo-footer-list\"><!-- [et_pb_line_break_holder] -->        <\/p>\n<li><a href=\"https:\/\/ludoligna.com\/de\/\">Startseite<\/a><\/li>\n<p><!-- [et_pb_line_break_holder] -->      <\/ul>\n<p><!-- [et_pb_line_break_holder] -->    <\/div>\n<p><!-- [et_pb_line_break_holder] -->    <\/p>\n<div><!-- [et_pb_line_break_holder] -->      <\/p>\n<ul class=\"pvo-footer-list\"><!-- [et_pb_line_break_holder] -->        <\/p>\n<li><a href=\"https:\/\/ludoligna.com\/de\/unternehmen\">Unternehmen<\/a><\/li>\n<p><!-- [et_pb_line_break_holder] -->        <\/p>\n<li><a href=\"https:\/\/ludoligna.com\/de\/warum-ludo-ligna\">Warum Ludo Ligna<\/a><\/li>\n<p><!-- [et_pb_line_break_holder] -->        <\/p>\n<li><a href=\"https:\/\/ludoligna.com\/de\/nachhaltigkeit-qualit\u00e4t\">Nachhaltigkeit &#038; Qualit\u00e4t<\/a><\/li>\n<p><!-- [et_pb_line_break_holder] -->      <\/ul>\n<p><!-- [et_pb_line_break_holder] -->    <\/div>\n<p><!-- [et_pb_line_break_holder] -->    <\/p>\n<div><!-- [et_pb_line_break_holder] -->      <\/p>\n<ul class=\"pvo-footer-list\"><!-- [et_pb_line_break_holder] -->        <\/p>\n<li><a href=\"https:\/\/ludoligna.com\/de\/produkte\/\">Produkte<\/a><\/li>\n<p><!-- [et_pb_line_break_holder] -->        <\/p>\n<li><a href=\"https:\/\/ludoligna.com\/de\/produkte#profilteile\/\">Profilteile<\/a><\/li>\n<p><!-- [et_pb_line_break_holder] -->        <\/p>\n<li><a href=\"https:\/\/ludoligna.com\/de\/produkte#lasercutteile\/\">Lasercutteile<\/a><\/li>\n<p><!-- [et_pb_line_break_holder] -->        <\/p>\n<li><a href=\"https:\/\/ludoligna.com\/de\/produkte#tampondruckteile\/\">Tampondruckteile<\/a><\/li>\n<p><!-- [et_pb_line_break_holder] -->        <\/p>\n<li><a href=\"https:\/\/ludoligna.com\/de\/produkte#folienpraegung-und-reliefpraegung\/\">Folienpr\u00e4gung \/ Reliefpr\u00e4gung<\/a><\/li>\n<p><!-- [et_pb_line_break_holder] -->        <\/p>\n<li><a href=\"https:\/\/ludoligna.com\/de\/produkte#dienstleistungen\/\">Weitere Dienstleistungen<\/a><\/li>\n<p><!-- [et_pb_line_break_holder] --><\/p>\n<li><a href=\"https:\/\/ludoligna.com\/de\/produkte#lilu\/\">Holzspielzeuge<\/a><\/li>\n<p>\u00a0<!-- [et_pb_line_break_holder] --><\/ul>\n<p><!-- [et_pb_line_break_holder] -->    <\/div>\n<p><!-- [et_pb_line_break_holder] -->    <\/p>\n<div><!-- [et_pb_line_break_holder] -->      <\/p>\n<ul class=\"pvo-footer-list\"><!-- [et_pb_line_break_holder] -->        <\/p>\n<li><a href=\"https:\/\/ludoligna.com\/de\/Ansprechpartner\">Ansprechpartner<\/a><\/li>\n<p><!-- [et_pb_line_break_holder] -->      <\/ul>\n<p><!-- [et_pb_line_break_holder] -->    <\/div>\n<p><!-- [et_pb_line_break_holder] -->    <\/p>\n<div><!-- [et_pb_line_break_holder] -->      <\/p>\n<ul class=\"pvo-footer-list\"><!-- [et_pb_line_break_holder] -->        <\/p>\n<li><a href=\"https:\/\/ludofact.de\/gruppe\">Gruppe<\/a><\/li>\n<p><!-- [et_pb_line_break_holder] -->        <\/p>\n<li><a href=\"https:\/\/ludofact.de\" target=\"_blank\" rel=\"noopener noreferrer\">Ludo Fact<\/a><\/li>\n<p><!-- [et_pb_line_break_holder] -->        <\/p>\n<li><a href=\"https:\/\/ludopackt.de\/en\" target=\"_blank\" rel=\"noopener noreferrer\">Ludo Packt<\/a><\/li>\n<p><!-- [et_pb_line_break_holder] -->        <\/p>\n<li><a href=\"https:\/\/www.hoehn-gruppe.com\/\" target=\"_blank\" rel=\"noopener noreferrer\">HOEHN Display + Verpackung<\/a><\/li>\n<p><!-- [et_pb_line_break_holder] -->        <\/p>\n<li><a href=\"https:\/\/www.druckdatenloesungen.de\" target=\"_blank\" rel=\"noopener noreferrer\">Friedmann Print Data Solutions<\/a><\/li>\n<p><!-- [et_pb_line_break_holder] -->        <\/p>\n<li><a href=\"https:\/\/ludofact.de\/en\/group\/ludo-fact-usa\/\" target=\"_blank\" rel=\"noopener noreferrer\">Ludo Fact USA<\/a><\/li>\n<p><!-- [et_pb_line_break_holder] -->        <\/p>\n<li><a href=\"http:\/\/ok-karton.cz\" target=\"_blank\" rel=\"noopener noreferrer\">Oriens Karton<\/a><\/li>\n<p><!-- [et_pb_line_break_holder] -->        <\/p>\n<li><a href=\"https:\/\/ventoludens.de\/\" target=\"_blank\" rel=\"noopener noreferrer\">Vento Ludens<\/a><\/li>\n<p><!-- [et_pb_line_break_holder] -->      <\/ul>\n<p><!-- [et_pb_line_break_holder] -->    <\/div>\n<p><!-- [et_pb_line_break_holder] -->    <\/p>\n<div><!-- [et_pb_line_break_holder] -->      <\/p>\n<ul class=\"pvo-footer-list\"><!-- [et_pb_line_break_holder] -->        <\/p>\n<li><a href=\"https:\/\/ludoligna.com\/de\/kontakt\">Kontakt<\/a><\/li>\n<p><!-- [et_pb_line_break_holder] -->        <\/p>\n<li><a href=\"https:\/\/ludoligna.com\/de\/kontakt\/\">Anfahrt<\/a><\/li>\n<p><!-- [et_pb_line_break_holder] -->        <\/p>\n<li><a href=\"https:\/\/ludoligna.com\/de\/impressum\">Impressum<\/a><\/li>\n<p><!-- [et_pb_line_break_holder] -->        <\/p>\n<li><a href=\"https:\/\/ludoligna.com\/de\/datenschutz\">datenschutz<\/a><\/li>\n<p><!-- [et_pb_line_break_holder] -->      <\/ul>\n<p><!-- [et_pb_line_break_holder] -->    <\/div>\n<p><!-- [et_pb_line_break_holder] -->  <\/div>\n<p><!-- [et_pb_line_break_holder] -->  <\/p>\n<hr>\n<p><!-- [et_pb_line_break_holder] -->  <\/p>\n<div class=\"pvo-cred\"><!-- [et_pb_line_break_holder] -->    <pee class=\"pvo-white\"><!-- [et_pb_line_break_holder] -->      \u00a9 2019 LUDO LIGNA S.R.L., Harghita, Romania<!-- [et_pb_line_break_holder] -->    <\/pee><!-- [et_pb_line_break_holder] -->  <\/div>\n<p><!-- [et_pb_line_break_holder] --><\/div>\n<p>[\/et_pb_code][\/et_pb_column][\/et_pb_row][\/et_pb_section]<\/p>\n","protected":false},"excerpt":{"rendered":"<p>Nachhaltigkeit &amp; Qualit\u00e4tEINE GRUPPE \u2013 900 MITARBEITER \u2013 EIN ZIEL\u2026nicht nur von Nachhaltigkeit sprechen, sondern auch dementsprechend handeln. Neben dem Aspekt der Qualit\u00e4t achten wir zudem auf die Themen Nachhaltigkeit und soziale Verantwortung.Hilfe f\u00fcr Burkina Faso e.V.Ludo Fact goes greenKlimabewusstNACHHALTIGE HOLZ-KOMPONENTEN Die Holzproduktion f\u00fcr Spiele erfolgt in gro\u00dfen Ma\u00dfen aus regionalem Anbau. Die Verarbeitung des [&hellip;]<\/p>\n","protected":false},"author":1,"featured_media":0,"parent":0,"menu_order":0,"comment_status":"closed","ping_status":"closed","template":"","meta":{"_et_pb_use_builder":"on","_et_pb_old_content":"","_et_gb_content_width":"","footnotes":""},"class_list":["post-3322","page","type-page","status-publish","hentry"],"_links":{"self":[{"href":"https:\/\/ludoligna.com\/de\/wp-json\/wp\/v2\/pages\/3322","targetHints":{"allow":["GET"]}}],"collection":[{"href":"https:\/\/ludoligna.com\/de\/wp-json\/wp\/v2\/pages"}],"about":[{"href":"https:\/\/ludoligna.com\/de\/wp-json\/wp\/v2\/types\/page"}],"author":[{"embeddable":true,"href":"https:\/\/ludoligna.com\/de\/wp-json\/wp\/v2\/users\/1"}],"replies":[{"embeddable":true,"href":"https:\/\/ludoligna.com\/de\/wp-json\/wp\/v2\/comments?post=3322"}],"version-history":[{"count":28,"href":"https:\/\/ludoligna.com\/de\/wp-json\/wp\/v2\/pages\/3322\/revisions"}],"predecessor-version":[{"id":9156,"href":"https:\/\/ludoligna.com\/de\/wp-json\/wp\/v2\/pages\/3322\/revisions\/9156"}],"wp:attachment":[{"href":"https:\/\/ludoligna.com\/de\/wp-json\/wp\/v2\/media?parent=3322"}],"curies":[{"name":"wp","href":"https:\/\/api.w.org\/{rel}","templated":true}]}}