{"id":3320,"date":"2023-05-31T14:26:31","date_gmt":"2023-05-31T14:26:31","guid":{"rendered":"https:\/\/ludoligna.com\/?page_id=3320"},"modified":"2023-06-13T08:31:31","modified_gmt":"2023-06-13T08:31:31","slug":"warum-ludo-ligna","status":"publish","type":"page","link":"https:\/\/ludoligna.com\/de\/warum-ludo-ligna\/","title":{"rendered":"Warum Ludo Ligna"},"content":{"rendered":"<p>[et_pb_section fb_built=&#8220;1&#8243; module_class=&#8220;pvo_heading-banner&#8220; _builder_version=&#8220;4.21.0&#8243; background_color=&#8220;#c6c6c6&#8243; background_image=&#8220;https:\/\/ludoligna.com\/wp-content\/uploads\/2023\/06\/september-4800766.jpg&#8220; background_blend=&#8220;multiply&#8220; custom_css_main_element=&#8220;max-height: 500px;||position: relative;&#8220; global_colors_info=&#8220;{}&#8220;][et_pb_row module_class=&#8220;pvo_flex-center&#8220; _builder_version=&#8220;4.21.0&#8243; background_enable_color=&#8220;off&#8220; width=&#8220;100%&#8220; min_height=&#8220;354px&#8220; min_height_last_edited=&#8220;off|desktop&#8220; custom_margin=&#8220;0px|auto||auto|false|false&#8220; custom_padding=&#8220;0px||||false|false&#8220; global_colors_info=&#8220;{}&#8220;][et_pb_column type=&#8220;4_4&#8243; _builder_version=&#8220;4.16&#8243; global_colors_info=&#8220;{}&#8220;][et_pb_text module_class=&#8220;header-heading&#8220; _builder_version=&#8220;4.21.0&#8243; text_font=&#8220;|600||on|||||&#8220; text_text_color=&#8220;#ffffff&#8220; text_font_size=&#8220;60px&#8220; custom_css_main_element=&#8220;line-height: 1.1;&#8220; global_colors_info=&#8220;{}&#8220;]<\/p>\n<p style=\"text-align: center;\"><strong>Warum Ludo Ligna<\/strong><span class=\"underline\"><\/span><\/p>\n<p>[\/et_pb_text][\/et_pb_column][\/et_pb_row][\/et_pb_section][et_pb_section fb_built=&#8220;1&#8243; _builder_version=&#8220;4.16&#8243; custom_padding=&#8220;50px||3px|||&#8220; global_colors_info=&#8220;{}&#8220;][et_pb_row column_structure=&#8220;1_2,1_2&#8243; use_custom_gutter=&#8220;on&#8220; gutter_width=&#8220;2&#8243; make_equal=&#8220;on&#8220; _builder_version=&#8220;4.21.0&#8243; custom_margin=&#8220;|auto|-3px|auto||&#8220; custom_padding=&#8220;2px||50px|||&#8220; global_colors_info=&#8220;{}&#8220;][et_pb_column type=&#8220;1_2&#8243; _builder_version=&#8220;4.21.0&#8243; custom_padding=&#8220;|20px|||false|false&#8220; border_color_right=&#8220;rgba(0,0,0,0.15)&#8220; border_width_right_tablet=&#8220;1px&#8220; border_width_right_phone=&#8220;0px&#8220; border_width_right_last_edited=&#8220;on|phone&#8220; global_colors_info=&#8220;{}&#8220;][et_pb_text _builder_version=&#8220;4.21.0&#8243; custom_margin=&#8220;||4px|||&#8220; global_colors_info=&#8220;{}&#8220;]<\/p>\n<h2>HINTER DEN KULISSEN<\/h2>\n<p>[\/et_pb_text][et_pb_text _builder_version=&#8220;4.21.0&#8243; min_height=&#8220;140.4px&#8220; custom_margin=&#8220;8px||4px|||&#8220; custom_padding=&#8220;||40px|||&#8220; custom_css_main_element=&#8220;\t&#8220; global_colors_info=&#8220;{}&#8220;]<\/p>\n<p>Ludo Ligna ist Teil der mittelst\u00e4ndischen, inhabergef\u00fchrten Ludo Fact Unternehmensgruppe.<\/p>\n<p>Bei uns herrschen flache Hierarchien und die F\u00fchrungskr\u00e4fte haben immer ein offenes Ohr f\u00fcr die Belange der Mitarbeiter.<\/p>\n<p>[\/et_pb_text][et_pb_text _builder_version=&#8220;4.21.0&#8243; custom_margin=&#8220;||4px|||&#8220; global_colors_info=&#8220;{}&#8220;]<\/p>\n<h2>KULTUR &#038; ZUSAMMENARBEIT<\/h2>\n<p>[\/et_pb_text][et_pb_text _builder_version=&#8220;4.21.0&#8243; custom_margin=&#8220;8px||13px|||&#8220; custom_css_main_element=&#8220;\t&#8220; global_colors_info=&#8220;{}&#8220;]<\/p>\n<p>Sowohl die historischen als auch die geografischen Facetten sind gigantisch. Im Landkreis Harghita, einer naturgepr\u00e4gten Gegend, siedelte sich die Firma Ludo Ligna an und schaffte somit optimale Bedingungen f\u00fcr die Herstellung der dort produzierten Holzkomponenten.<\/p>\n<p>[\/et_pb_text][et_pb_text _builder_version=&#8220;4.21.0&#8243; min_height=&#8220;140.4px&#8220; custom_margin=&#8220;8px||4px|||&#8220; custom_padding=&#8220;||40px|||&#8220; custom_css_main_element=&#8220;\t&#8220; global_colors_info=&#8220;{}&#8220;]<\/p>\n<p>Der Weltmarkt Bereich Brettspiele ist in den vergangenen Jahren konstant gewachsen. Auch unser Unternehmen w\u00e4chst kontinuierlich weiter und ist im stetigen Wandel. Dieser bringt viel Neues, auch wir lernen jeden Tag dazu.<\/p>\n<p>Wir leben eine Kultur von gegenseitigem Respekt, Teamgeist, Verantwortung und Vertrauen.<\/p>\n<p>[\/et_pb_text][et_pb_text disabled_on=&#8220;on|on|on&#8220; _builder_version=&#8220;4.21.0&#8243; custom_margin=&#8220;||4px|||&#8220; disabled=&#8220;on&#8220; global_colors_info=&#8220;{}&#8220;]<\/p>\n<h2>WORK-LIFE-BALANCE<\/h2>\n<p>[\/et_pb_text][et_pb_text _builder_version=&#8220;4.21.0&#8243; custom_margin=&#8220;||4px|||&#8220; global_colors_info=&#8220;{}&#8220;]<\/p>\n<h2>WORK-LIFE-BALANCE<\/h2>\n<p>[\/et_pb_text][et_pb_text _builder_version=&#8220;4.21.0&#8243; custom_margin=&#8220;8px||4px|||&#8220; custom_css_main_element=&#8220;\t&#8220; global_colors_info=&#8220;{}&#8220; min_height=&#8220;140.4px&#8220; custom_padding=&#8220;||40px|||&#8220;]<\/p>\n<p>\u200bUnser Erfolg basiert auf engagierten und zufriedenen Mitarbeitern. Dies bedeutet f\u00fcr uns als Unternehmen Rahmenbedingungen zu schaffen, dies es erm\u00f6glichen aktiv am Familienleben teilzuhaben und erfolgreich im Job zu sein.<\/p>\n<p>Der Spa\u00df darf hier nicht zu kurz kommen, daher kommen wir bei gemeinsamen Aktivit\u00e4ten wie Zumba, Teamevents und unterhaltsamen Spieleabenden zusammen.<\/p>\n<p>[\/et_pb_text][\/et_pb_column][et_pb_column type=&#8220;1_2&#8243; _builder_version=&#8220;4.21.0&#8243; global_colors_info=&#8220;{}&#8220;][et_pb_text _builder_version=&#8220;4.21.0&#8243; custom_margin=&#8220;||4px|||&#8220; global_colors_info=&#8220;{}&#8220;]<\/p>\n<h2 style=\"text-align: left;\">WO SIE UNS FINDEN<\/h2>\n<p>[\/et_pb_text][et_pb_text _builder_version=&#8220;4.21.0&#8243; custom_margin=&#8220;8px|||||&#8220; custom_css_main_element=&#8220;\t&#8220; global_colors_info=&#8220;{}&#8220;]<\/p>\n<p>Im Herzen Rum\u00e4niens \u2013 inmitten der stark bewaldeten Region Transsylvanien in den Karpaten \u2013 sitzt das Unternehmen Ludo Ligna.\u00a0<\/p>\n<p>Diese Region, auch Siebenb\u00fcrgen genannt, liegt umschlossen von weitreichenden W\u00e4ldern, historischen Schl\u00f6ssern und grenzenlosem Gebirge.\u00a0\u00a0<\/p>\n<p>[\/et_pb_text][et_pb_video src=&#8220;https:\/\/ludoligna.com\/wp-content\/uploads\/2023\/06\/Untitled.mp4&#8243; _builder_version=&#8220;4.21.0&#8243; _module_preset=&#8220;default&#8220; global_colors_info=&#8220;{}&#8220;][\/et_pb_video][\/et_pb_column][\/et_pb_row][et_pb_row column_structure=&#8220;1_2,1_2&#8243; use_custom_gutter=&#8220;on&#8220; make_equal=&#8220;on&#8220; _builder_version=&#8220;4.16&#8243; custom_margin=&#8220;|auto|-3px|auto||&#8220; custom_padding=&#8220;2px||0px|||&#8220; global_colors_info=&#8220;{}&#8220;][et_pb_column type=&#8220;1_2&#8243; _builder_version=&#8220;4.16&#8243; global_colors_info=&#8220;{}&#8220;][\/et_pb_column][et_pb_column type=&#8220;1_2&#8243; _builder_version=&#8220;4.16&#8243; global_colors_info=&#8220;{}&#8220;][\/et_pb_column][\/et_pb_row][et_pb_row column_structure=&#8220;3_5,2_5&#8243; use_custom_gutter=&#8220;on&#8220; gutter_width=&#8220;2&#8243; make_equal=&#8220;on&#8220; _builder_version=&#8220;4.16&#8243; custom_padding=&#8220;14px|||||&#8220; global_colors_info=&#8220;{}&#8220;][et_pb_column type=&#8220;3_5&#8243; _builder_version=&#8220;4.16&#8243; global_colors_info=&#8220;{}&#8220;][\/et_pb_column][et_pb_column type=&#8220;2_5&#8243; _builder_version=&#8220;4.16&#8243; global_colors_info=&#8220;{}&#8220;][\/et_pb_column][\/et_pb_row][\/et_pb_section][et_pb_section fb_built=&#8220;1&#8243; _builder_version=&#8220;4.21.0&#8243; background_color=&#8220;#717878&#8243; custom_padding=&#8220;1px||0px|||&#8220; global_module=&#8220;178&#8243; saved_tabs=&#8220;all&#8220; global_colors_info=&#8220;{}&#8220;][et_pb_row _builder_version=&#8220;4.16&#8243; global_colors_info=&#8220;{}&#8220;][et_pb_column type=&#8220;4_4&#8243; _builder_version=&#8220;4.16&#8243; global_colors_info=&#8220;{}&#8220;][et_pb_code _builder_version=&#8220;4.21.0&#8243; global_colors_info=&#8220;{}&#8220;]<\/p>\n<div class=\"pvo-footer-container lp-a\"><!-- [et_pb_line_break_holder] -->  <\/p>\n<div class=\"pvo-breadcrumbs\"><!-- [et_pb_line_break_holder] -->    <pee class=\"up pvo-white\"><!-- [et_pb_line_break_holder] -->      Sie sind hier: <span><nav aria-label=\"breadcrumbs\">\n            <div class=\"breadcrumb-container theme1\">\n                <ol>\n                                    <\/ol>\n            <\/div>\n        <\/nav>    <script type=\"application\/ld+json\">\n        {\n            \"@context\": \"http:\/\/schema.org\",\n            \"@type\": \"BreadcrumbList\",\n            \"itemListElement\": [\n                            ]\n        }\n    <\/script>\n   \n    <script>\n            <\/script>\n<\/span><!-- [et_pb_line_break_holder] -->    <\/pee><!-- [et_pb_line_break_holder] -->  <\/div>\n<p><!-- [et_pb_line_break_holder] -->  <\/p>\n<hr>\n<p><!-- [et_pb_line_break_holder] -->  <\/p>\n<div class=\"pvo-footer-flex\"><!-- [et_pb_line_break_holder] -->    <\/p>\n<div><!-- [et_pb_line_break_holder] -->      <\/p>\n<ul class=\"pvo-footer-list\"><!-- [et_pb_line_break_holder] -->        <\/p>\n<li><a href=\"https:\/\/ludoligna.com\/de\/\">Startseite<\/a><\/li>\n<p><!-- [et_pb_line_break_holder] -->      <\/ul>\n<p><!-- [et_pb_line_break_holder] -->    <\/div>\n<p><!-- [et_pb_line_break_holder] -->    <\/p>\n<div><!-- [et_pb_line_break_holder] -->      <\/p>\n<ul class=\"pvo-footer-list\"><!-- [et_pb_line_break_holder] -->        <\/p>\n<li><a href=\"https:\/\/ludoligna.com\/de\/unternehmen\">Unternehmen<\/a><\/li>\n<p><!-- [et_pb_line_break_holder] -->        <\/p>\n<li><a href=\"https:\/\/ludoligna.com\/de\/warum-ludo-ligna\">Warum Ludo Ligna<\/a><\/li>\n<p><!-- [et_pb_line_break_holder] -->        <\/p>\n<li><a href=\"https:\/\/ludoligna.com\/de\/nachhaltigkeit-qualit\u00e4t\">Nachhaltigkeit &#038; Qualit\u00e4t<\/a><\/li>\n<p><!-- [et_pb_line_break_holder] -->      <\/ul>\n<p><!-- [et_pb_line_break_holder] -->    <\/div>\n<p><!-- [et_pb_line_break_holder] -->    <\/p>\n<div><!-- [et_pb_line_break_holder] -->      <\/p>\n<ul class=\"pvo-footer-list\"><!-- [et_pb_line_break_holder] -->        <\/p>\n<li><a href=\"https:\/\/ludoligna.com\/de\/produkte\/\">Produkte<\/a><\/li>\n<p><!-- [et_pb_line_break_holder] -->        <\/p>\n<li><a href=\"https:\/\/ludoligna.com\/de\/produkte#profilteile\/\">Profilteile<\/a><\/li>\n<p><!-- [et_pb_line_break_holder] -->        <\/p>\n<li><a href=\"https:\/\/ludoligna.com\/de\/produkte#lasercutteile\/\">Lasercutteile<\/a><\/li>\n<p><!-- [et_pb_line_break_holder] -->        <\/p>\n<li><a href=\"https:\/\/ludoligna.com\/de\/produkte#tampondruckteile\/\">Tampondruckteile<\/a><\/li>\n<p><!-- [et_pb_line_break_holder] -->        <\/p>\n<li><a href=\"https:\/\/ludoligna.com\/de\/produkte#folienpraegung-und-reliefpraegung\/\">Folienpr\u00e4gung \/ Reliefpr\u00e4gung<\/a><\/li>\n<p><!-- [et_pb_line_break_holder] -->        <\/p>\n<li><a href=\"https:\/\/ludoligna.com\/de\/produkte#dienstleistungen\/\">Weitere Dienstleistungen<\/a><\/li>\n<p><!-- [et_pb_line_break_holder] -->      <\/ul>\n<p><!-- [et_pb_line_break_holder] -->    <\/div>\n<p><!-- [et_pb_line_break_holder] -->    <\/p>\n<div><!-- [et_pb_line_break_holder] -->      <\/p>\n<ul class=\"pvo-footer-list\"><!-- [et_pb_line_break_holder] -->        <\/p>\n<li><a href=\"https:\/\/ludoligna.com\/de\/Ansprechpartner\">Ansprechpartner<\/a><\/li>\n<p><!-- [et_pb_line_break_holder] -->      <\/ul>\n<p><!-- [et_pb_line_break_holder] -->    <\/div>\n<p><!-- [et_pb_line_break_holder] -->    <\/p>\n<div><!-- [et_pb_line_break_holder] -->      <\/p>\n<ul class=\"pvo-footer-list\"><!-- [et_pb_line_break_holder] -->        <\/p>\n<li><a href=\"https:\/\/ludofact.de\/gruppe\">Gruppe<\/a><\/li>\n<p><!-- [et_pb_line_break_holder] -->        <\/p>\n<li><a href=\"https:\/\/ludofact.de\" target=\"_blank\" rel=\"noopener noreferrer\">Ludo Fact<\/a><\/li>\n<p><!-- [et_pb_line_break_holder] -->        <\/p>\n<li><a href=\"https:\/\/ludopackt.de\/en\" target=\"_blank\" rel=\"noopener noreferrer\">Ludo Packt<\/a><\/li>\n<p><!-- [et_pb_line_break_holder] -->        <\/p>\n<li><a href=\"https:\/\/www.hoehn-gruppe.com\/\" target=\"_blank\" rel=\"noopener noreferrer\">HOEHN Display + Verpackung<\/a><\/li>\n<p><!-- [et_pb_line_break_holder] -->        <\/p>\n<li><a href=\"https:\/\/www.druckdatenloesungen.de\" target=\"_blank\" rel=\"noopener noreferrer\">Friedmann Print Data Solutions<\/a><\/li>\n<p><!-- [et_pb_line_break_holder] -->        <\/p>\n<li><a href=\"https:\/\/ludofact.de\/en\/group\/ludo-fact-usa\/\" target=\"_blank\" rel=\"noopener noreferrer\">Ludo Fact USA<\/a><\/li>\n<p><!-- [et_pb_line_break_holder] -->        <\/p>\n<li><a href=\"http:\/\/ok-karton.cz\" target=\"_blank\" rel=\"noopener noreferrer\">Oriens Karton<\/a><\/li>\n<p><!-- [et_pb_line_break_holder] -->        <\/p>\n<li><a href=\"https:\/\/ventoludens.de\/\" target=\"_blank\" rel=\"noopener noreferrer\">Vento Ludens<\/a><\/li>\n<p><!-- [et_pb_line_break_holder] -->      <\/ul>\n<p><!-- [et_pb_line_break_holder] -->    <\/div>\n<p><!-- [et_pb_line_break_holder] -->    <\/p>\n<div><!-- [et_pb_line_break_holder] -->      <\/p>\n<ul class=\"pvo-footer-list\"><!-- [et_pb_line_break_holder] -->        <\/p>\n<li><a href=\"https:\/\/ludoligna.com\/de\/kontakt\">Kontakt<\/a><\/li>\n<p><!-- [et_pb_line_break_holder] -->        <\/p>\n<li><a href=\"https:\/\/ludoligna.com\/de\/kontakt\/\">Anfahrt<\/a><\/li>\n<p><!-- [et_pb_line_break_holder] -->        <\/p>\n<li><a href=\"https:\/\/ludoligna.com\/de\/impressum\">Impressum<\/a><\/li>\n<p><!-- [et_pb_line_break_holder] -->        <\/p>\n<li><a href=\"https:\/\/ludoligna.com\/de\/datenschutz\">datenschutz<\/a><\/li>\n<p><!-- [et_pb_line_break_holder] -->      <\/ul>\n<p><!-- [et_pb_line_break_holder] -->    <\/div>\n<p><!-- [et_pb_line_break_holder] -->    <!-- [et_pb_line_break_holder] -->  <\/div>\n<p><!-- [et_pb_line_break_holder] -->  <\/p>\n<hr>\n<p><!-- [et_pb_line_break_holder] -->  <\/p>\n<div class=\"pvo-cred\"><!-- [et_pb_line_break_holder] -->    <pee class=\"pvo-white\"><!-- [et_pb_line_break_holder] -->      \u00a9 2019 LUDO LIGNA S.R.L., Harghita, Romania<!-- [et_pb_line_break_holder] -->    <\/pee><!-- [et_pb_line_break_holder] -->  <\/div>\n<p><!-- [et_pb_line_break_holder] --><\/div>\n<p>[\/et_pb_code][\/et_pb_column][\/et_pb_row][\/et_pb_section]<\/p>\n","protected":false},"excerpt":{"rendered":"<p>Warum Ludo LignaHINTER DEN KULISSENLudo Ligna ist Teil der mittelst\u00e4ndischen, inhabergef\u00fchrten Ludo Fact Unternehmensgruppe. Bei uns herrschen flache Hierarchien und die F\u00fchrungskr\u00e4fte haben immer ein offenes Ohr f\u00fcr die Belange der Mitarbeiter.KULTUR &#038; ZUSAMMENARBEITSowohl die historischen als auch die geografischen Facetten sind gigantisch. Im Landkreis Harghita, einer naturgepr\u00e4gten Gegend, siedelte sich die Firma Ludo Ligna [&hellip;]<\/p>\n","protected":false},"author":1,"featured_media":0,"parent":0,"menu_order":0,"comment_status":"closed","ping_status":"closed","template":"","meta":{"_et_pb_use_builder":"on","_et_pb_old_content":"","_et_gb_content_width":"","footnotes":""},"class_list":["post-3320","page","type-page","status-publish","hentry"],"_links":{"self":[{"href":"https:\/\/ludoligna.com\/de\/wp-json\/wp\/v2\/pages\/3320","targetHints":{"allow":["GET"]}}],"collection":[{"href":"https:\/\/ludoligna.com\/de\/wp-json\/wp\/v2\/pages"}],"about":[{"href":"https:\/\/ludoligna.com\/de\/wp-json\/wp\/v2\/types\/page"}],"author":[{"embeddable":true,"href":"https:\/\/ludoligna.com\/de\/wp-json\/wp\/v2\/users\/1"}],"replies":[{"embeddable":true,"href":"https:\/\/ludoligna.com\/de\/wp-json\/wp\/v2\/comments?post=3320"}],"version-history":[{"count":20,"href":"https:\/\/ludoligna.com\/de\/wp-json\/wp\/v2\/pages\/3320\/revisions"}],"predecessor-version":[{"id":8757,"href":"https:\/\/ludoligna.com\/de\/wp-json\/wp\/v2\/pages\/3320\/revisions\/8757"}],"wp:attachment":[{"href":"https:\/\/ludoligna.com\/de\/wp-json\/wp\/v2\/media?parent=3320"}],"curies":[{"name":"wp","href":"https:\/\/api.w.org\/{rel}","templated":true}]}}