{"id":2157,"date":"2019-10-29T00:06:30","date_gmt":"2019-10-29T00:06:30","guid":{"rendered":"https:\/\/ludoligna.com\/?page_id=2157"},"modified":"2024-05-31T14:17:51","modified_gmt":"2024-05-31T14:17:51","slug":"impressum","status":"publish","type":"page","link":"https:\/\/ludoligna.com\/de\/impressum\/","title":{"rendered":"Impressum"},"content":{"rendered":"<p>[et_pb_section fb_built=&#8220;1&#8243; _builder_version=&#8220;4.16&#8243; global_colors_info=&#8220;{}&#8220;][et_pb_row _builder_version=&#8220;4.16&#8243; global_colors_info=&#8220;{}&#8220;][et_pb_column type=&#8220;4_4&#8243; _builder_version=&#8220;4.16&#8243; global_colors_info=&#8220;{}&#8220;][et_pb_text _builder_version=&#8220;4.21.0&#8243; global_colors_info=&#8220;{}&#8220;]<\/p>\n<h1>IMPRESSUM<\/h1>\n<p>&nbsp;<\/p>\n<p><strong>Diensteanbieter:<\/strong><\/p>\n<p>Ludo Ligna SRL<br \/>Com. FELICENI<br \/>Sat VALENI 44<br \/>HARGHITA 537107<br \/>RUM\u00c4NIEN<\/p>\n<p><strong>Vertreten durch:<\/strong><\/p>\n<p>Horst Walz,<br \/>Marta N\u00fc\u00dflein<\/p>\n<p><strong>Kontakt:<\/strong><\/p>\n<p>Telefon: \u202a+40 752 077 229<br \/>E-Mail: <a href=\"mailto:office@ludoligna.ro\">office@ludoligna.ro<\/a><\/p>\n<p><strong>Registereintrag:<\/strong><\/p>\n<p>Eintragung im Handelsregister.<br \/>Registergericht: Miercurea &#8211; Ciuc<br \/>Registernummer: J19\/497\/07.06.2019<\/p>\n<p><strong>Umsatzsteuer:<\/strong><\/p>\n<p>Umsatzsteuer-Identifikationsnummer gem\u00e4\u00df \u00a727 a Umsatzsteuergesetz:<br \/>RO41238876<\/p>\n<p><strong>Bildnachweis:<\/strong><\/p>\n<p>Ludo Ligna SRL<br \/>JozsaR-J Levente<br \/>Ludo Fact USA LLC<br \/>vento ludens GmbH &amp; Co. KG<br \/>Friedmann Print Data Solutions GmbH<br \/>Eifert Fotodesign<br \/>Martin Duckek\/Nething + Ott<br \/>Svort\/Fotolia.com\/stock.adobe.com\/26811221<br \/>Quellenangaben: Disclaimer von eRecht24,<br \/>dem Portal zum Internetrecht von Rechtsanwalt S\u00f6ren Siebert<br \/>Andreas Rothermel<br \/><a href=\"https:\/\/pixabay.com\/photos\/september-magura-brasov-romania-4800766\/\">Landschaft Home Slider<\/a> von Timotavi auf <a href=\"https:\/\/pixabay.com\/users\/timotavi-15062714\/?tab=about\">pixabay<\/a><\/p>\n<p><strong>Streitschlichtung<\/strong><\/p>\n<p>Die Europ\u00e4ische Kommission stellt eine Plattform zur Online-Streitbeilegung (OS) bereit: https:\/\/ec.europa.eu\/consumers\/odr.<br \/>Unsere E-Mail-Adresse finden Sie oben im Impressum.<\/p>\n<p>Wir sind nicht bereit oder verpflichtet, an Streitbeilegungsverfahren vor einer Verbraucherschlichtungsstelle teilzunehmen.<\/p>\n<p><strong>Haftungs- und Schutzrechtshinweise<\/strong><\/p>\n<p>Haftungsausschluss: Die Inhalte dieses Onlineangebotes wurden sorgf\u00e4ltig und nach unserem aktuellen Kenntnisstand erstellt, dienen jedoch nur der Information und entfalten keine rechtlich bindende Wirkung, sofern es sich nicht um gesetzlich verpflichtende Informationen (z.\u00a0B. das Impressum, die Datenschutzerkl\u00e4rung, AGB oder verpflichtende Belehrungen von Verbrauchern) handelt. Wir behalten uns vor, die Inhalte vollst\u00e4ndig oder teilweise zu \u00e4ndern oder zu l\u00f6schen, soweit vertragliche Verpflichtungen unber\u00fchrt bleiben. Alle Angebote sind freibleibend und unverbindlich.<\/p>\n<p>[\/et_pb_text][\/et_pb_column][\/et_pb_row][\/et_pb_section][et_pb_section fb_built=&#8220;1&#8243; _builder_version=&#8220;4.21.0&#8243; background_color=&#8220;#717878&#8243; custom_padding=&#8220;1px||0px|||&#8220; global_module=&#8220;178&#8243; saved_tabs=&#8220;all&#8220; global_colors_info=&#8220;{}&#8220;][et_pb_row _builder_version=&#8220;4.16&#8243; global_colors_info=&#8220;{}&#8220;][et_pb_column type=&#8220;4_4&#8243; _builder_version=&#8220;4.16&#8243; global_colors_info=&#8220;{}&#8220;][et_pb_code _builder_version=&#8220;4.21.0&#8243; global_colors_info=&#8220;{}&#8220;]<\/p>\n<div class=\"pvo-footer-container lp-a\"><!-- [et_pb_line_break_holder] -->  <\/p>\n<div class=\"pvo-breadcrumbs\"><!-- [et_pb_line_break_holder] -->    <pee class=\"up pvo-white\"><!-- [et_pb_line_break_holder] -->      Sie sind hier: <span><nav aria-label=\"breadcrumbs\">\n            <div class=\"breadcrumb-container theme1\">\n                <ol>\n                                    <\/ol>\n            <\/div>\n        <\/nav>    <script type=\"application\/ld+json\">\n        {\n            \"@context\": \"http:\/\/schema.org\",\n            \"@type\": \"BreadcrumbList\",\n            \"itemListElement\": [\n                            ]\n        }\n    <\/script>\n   \n    <script>\n            <\/script>\n<\/span><!-- [et_pb_line_break_holder] -->    <\/pee><!-- [et_pb_line_break_holder] -->  <\/div>\n<p><!-- [et_pb_line_break_holder] -->  <\/p>\n<hr>\n<p><!-- [et_pb_line_break_holder] -->  <\/p>\n<div class=\"pvo-footer-flex\"><!-- [et_pb_line_break_holder] -->    <\/p>\n<div><!-- [et_pb_line_break_holder] -->      <\/p>\n<ul class=\"pvo-footer-list\"><!-- [et_pb_line_break_holder] -->        <\/p>\n<li><a href=\"https:\/\/ludoligna.com\/de\/\">Startseite<\/a><\/li>\n<p><!-- [et_pb_line_break_holder] -->      <\/ul>\n<p><!-- [et_pb_line_break_holder] -->    <\/div>\n<p><!-- [et_pb_line_break_holder] -->    <\/p>\n<div><!-- [et_pb_line_break_holder] -->      <\/p>\n<ul class=\"pvo-footer-list\"><!-- [et_pb_line_break_holder] -->        <\/p>\n<li><a href=\"https:\/\/ludoligna.com\/de\/unternehmen\">Unternehmen<\/a><\/li>\n<p><!-- [et_pb_line_break_holder] -->        <\/p>\n<li><a href=\"https:\/\/ludoligna.com\/de\/warum-ludo-ligna\">Warum Ludo Ligna<\/a><\/li>\n<p><!-- [et_pb_line_break_holder] -->        <\/p>\n<li><a href=\"https:\/\/ludoligna.com\/de\/nachhaltigkeit-qualit\u00e4t\">Nachhaltigkeit &#038; Qualit\u00e4t<\/a><\/li>\n<p><!-- [et_pb_line_break_holder] -->      <\/ul>\n<p><!-- [et_pb_line_break_holder] -->    <\/div>\n<p><!-- [et_pb_line_break_holder] -->    <\/p>\n<div><!-- [et_pb_line_break_holder] -->      <\/p>\n<ul class=\"pvo-footer-list\"><!-- [et_pb_line_break_holder] -->        <\/p>\n<li><a href=\"https:\/\/ludoligna.com\/de\/produkte\/\">Produkte<\/a><\/li>\n<p><!-- [et_pb_line_break_holder] -->        <\/p>\n<li><a href=\"https:\/\/ludoligna.com\/de\/produkte#profilteile\/\">Profilteile<\/a><\/li>\n<p><!-- [et_pb_line_break_holder] -->        <\/p>\n<li><a href=\"https:\/\/ludoligna.com\/de\/produkte#lasercutteile\/\">Lasercutteile<\/a><\/li>\n<p><!-- [et_pb_line_break_holder] -->        <\/p>\n<li><a href=\"https:\/\/ludoligna.com\/de\/produkte#tampondruckteile\/\">Tampondruckteile<\/a><\/li>\n<p><!-- [et_pb_line_break_holder] -->        <\/p>\n<li><a href=\"https:\/\/ludoligna.com\/de\/produkte#folienpraegung-und-reliefpraegung\/\">Folienpr\u00e4gung \/ Reliefpr\u00e4gung<\/a><\/li>\n<p><!-- [et_pb_line_break_holder] -->        <\/p>\n<li><a href=\"https:\/\/ludoligna.com\/de\/produkte#dienstleistungen\/\">Weitere Dienstleistungen<\/a><\/li>\n<p><!-- [et_pb_line_break_holder] --><\/p>\n<li><a href=\"https:\/\/ludoligna.com\/de\/produkte#lilu\/\">Holzspielzeuge<\/a><\/li>\n<p>\u00a0<!-- [et_pb_line_break_holder] --><\/ul>\n<p><!-- [et_pb_line_break_holder] -->    <\/div>\n<p><!-- [et_pb_line_break_holder] -->    <\/p>\n<div><!-- [et_pb_line_break_holder] -->      <\/p>\n<ul class=\"pvo-footer-list\"><!-- [et_pb_line_break_holder] -->        <\/p>\n<li><a href=\"https:\/\/ludoligna.com\/de\/Ansprechpartner\">Ansprechpartner<\/a><\/li>\n<p><!-- [et_pb_line_break_holder] -->      <\/ul>\n<p><!-- [et_pb_line_break_holder] -->    <\/div>\n<p><!-- [et_pb_line_break_holder] -->    <\/p>\n<div><!-- [et_pb_line_break_holder] -->      <\/p>\n<ul class=\"pvo-footer-list\"><!-- [et_pb_line_break_holder] -->        <\/p>\n<li><a href=\"https:\/\/ludofact.de\/gruppe\">Gruppe<\/a><\/li>\n<p><!-- [et_pb_line_break_holder] -->        <\/p>\n<li><a href=\"https:\/\/ludofact.de\" target=\"_blank\" rel=\"noopener noreferrer\">Ludo Fact<\/a><\/li>\n<p><!-- [et_pb_line_break_holder] -->        <\/p>\n<li><a href=\"https:\/\/ludopackt.de\/en\" target=\"_blank\" rel=\"noopener noreferrer\">Ludo Packt<\/a><\/li>\n<p><!-- [et_pb_line_break_holder] -->        <\/p>\n<li><a href=\"https:\/\/www.hoehn-gruppe.com\/\" target=\"_blank\" rel=\"noopener noreferrer\">HOEHN Display + Verpackung<\/a><\/li>\n<p><!-- [et_pb_line_break_holder] -->        <\/p>\n<li><a href=\"https:\/\/www.druckdatenloesungen.de\" target=\"_blank\" rel=\"noopener noreferrer\">Friedmann Print Data Solutions<\/a><\/li>\n<p><!-- [et_pb_line_break_holder] -->        <\/p>\n<li><a href=\"https:\/\/ludofact.de\/en\/group\/ludo-fact-usa\/\" target=\"_blank\" rel=\"noopener noreferrer\">Ludo Fact USA<\/a><\/li>\n<p><!-- [et_pb_line_break_holder] -->        <\/p>\n<li><a href=\"http:\/\/ok-karton.cz\" target=\"_blank\" rel=\"noopener noreferrer\">Oriens Karton<\/a><\/li>\n<p><!-- [et_pb_line_break_holder] -->        <\/p>\n<li><a href=\"https:\/\/ventoludens.de\/\" target=\"_blank\" rel=\"noopener noreferrer\">Vento Ludens<\/a><\/li>\n<p><!-- [et_pb_line_break_holder] -->      <\/ul>\n<p><!-- [et_pb_line_break_holder] -->    <\/div>\n<p><!-- [et_pb_line_break_holder] -->    <\/p>\n<div><!-- [et_pb_line_break_holder] -->      <\/p>\n<ul class=\"pvo-footer-list\"><!-- [et_pb_line_break_holder] -->        <\/p>\n<li><a href=\"https:\/\/ludoligna.com\/de\/kontakt\">Kontakt<\/a><\/li>\n<p><!-- [et_pb_line_break_holder] -->        <\/p>\n<li><a href=\"https:\/\/ludoligna.com\/de\/kontakt\/\">Anfahrt<\/a><\/li>\n<p><!-- [et_pb_line_break_holder] -->        <\/p>\n<li><a href=\"https:\/\/ludoligna.com\/de\/impressum\">Impressum<\/a><\/li>\n<p><!-- [et_pb_line_break_holder] -->        <\/p>\n<li><a href=\"https:\/\/ludoligna.com\/de\/datenschutz\">datenschutz<\/a><\/li>\n<p><!-- [et_pb_line_break_holder] -->      <\/ul>\n<p><!-- [et_pb_line_break_holder] -->    <\/div>\n<p><!-- [et_pb_line_break_holder] -->  <\/div>\n<p><!-- [et_pb_line_break_holder] -->  <\/p>\n<hr>\n<p><!-- [et_pb_line_break_holder] -->  <\/p>\n<div class=\"pvo-cred\"><!-- [et_pb_line_break_holder] -->    <pee class=\"pvo-white\"><!-- [et_pb_line_break_holder] -->      \u00a9 2019 LUDO LIGNA S.R.L., Harghita, Romania<!-- [et_pb_line_break_holder] -->    <\/pee><!-- [et_pb_line_break_holder] -->  <\/div>\n<p><!-- [et_pb_line_break_holder] --><\/div>\n<p>[\/et_pb_code][\/et_pb_column][\/et_pb_row][\/et_pb_section]<\/p>\n","protected":false},"excerpt":{"rendered":"<p>IMPRESSUM &nbsp; Diensteanbieter: Ludo Ligna SRLCom. FELICENISat VALENI 44HARGHITA 537107RUM\u00c4NIEN Vertreten durch: Horst Walz,Marta N\u00fc\u00dflein Kontakt: Telefon: \u202a+40 752 077 229E-Mail: office@ludoligna.ro Registereintrag: Eintragung im Handelsregister.Registergericht: Miercurea &#8211; CiucRegisternummer: J19\/497\/07.06.2019 Umsatzsteuer: Umsatzsteuer-Identifikationsnummer gem\u00e4\u00df \u00a727 a Umsatzsteuergesetz:RO41238876 Bildnachweis: Ludo Ligna SRLJozsaR-J LeventeLudo Fact USA LLCvento ludens GmbH &amp; Co. KGFriedmann Print Data Solutions GmbHEifert FotodesignMartin Duckek\/Nething [&hellip;]<\/p>\n","protected":false},"author":1,"featured_media":0,"parent":0,"menu_order":0,"comment_status":"closed","ping_status":"closed","template":"","meta":{"_et_pb_use_builder":"on","_et_pb_old_content":"","_et_gb_content_width":"","footnotes":""},"class_list":["post-2157","page","type-page","status-publish","hentry"],"_links":{"self":[{"href":"https:\/\/ludoligna.com\/de\/wp-json\/wp\/v2\/pages\/2157","targetHints":{"allow":["GET"]}}],"collection":[{"href":"https:\/\/ludoligna.com\/de\/wp-json\/wp\/v2\/pages"}],"about":[{"href":"https:\/\/ludoligna.com\/de\/wp-json\/wp\/v2\/types\/page"}],"author":[{"embeddable":true,"href":"https:\/\/ludoligna.com\/de\/wp-json\/wp\/v2\/users\/1"}],"replies":[{"embeddable":true,"href":"https:\/\/ludoligna.com\/de\/wp-json\/wp\/v2\/comments?post=2157"}],"version-history":[{"count":15,"href":"https:\/\/ludoligna.com\/de\/wp-json\/wp\/v2\/pages\/2157\/revisions"}],"predecessor-version":[{"id":9148,"href":"https:\/\/ludoligna.com\/de\/wp-json\/wp\/v2\/pages\/2157\/revisions\/9148"}],"wp:attachment":[{"href":"https:\/\/ludoligna.com\/de\/wp-json\/wp\/v2\/media?parent=2157"}],"curies":[{"name":"wp","href":"https:\/\/api.w.org\/{rel}","templated":true}]}}