{"id":1711,"date":"2019-08-27T14:00:42","date_gmt":"2019-08-27T14:00:42","guid":{"rendered":"https:\/\/ludoligna.com\/?page_id=1711"},"modified":"2025-07-17T14:58:43","modified_gmt":"2025-07-17T14:58:43","slug":"gruppe","status":"publish","type":"page","link":"https:\/\/ludoligna.com\/de\/gruppe\/","title":{"rendered":"Gruppe"},"content":{"rendered":"<p>[et_pb_section fb_built=&#8220;1&#8243; _builder_version=&#8220;4.21.0&#8243; background_color=&#8220;#FFFFFF&#8220; custom_padding=&#8220;50px|||||&#8220; saved_tabs=&#8220;all&#8220; global_colors_info=&#8220;{}&#8220;][et_pb_row use_custom_gutter=&#8220;on&#8220; make_equal=&#8220;on&#8220; _builder_version=&#8220;4.16&#8243; custom_margin=&#8220;|auto|-3px|auto||&#8220; custom_padding=&#8220;2px||0px|||&#8220; global_colors_info=&#8220;{}&#8220;][et_pb_column type=&#8220;4_4&#8243; _builder_version=&#8220;4.16&#8243; global_colors_info=&#8220;{}&#8220;][et_pb_text _builder_version=&#8220;4.16&#8243; global_colors_info=&#8220;{}&#8220;]<\/p>\n<h2>Die Firmengruppe<\/h2>\n<p>[\/et_pb_text][\/et_pb_column][\/et_pb_row][et_pb_row column_structure=&#8220;1_3,1_3,1_3&#8243; use_custom_gutter=&#8220;on&#8220; gutter_width=&#8220;2&#8243; _builder_version=&#8220;4.16&#8243; custom_padding=&#8220;||0px|||&#8220; global_colors_info=&#8220;{}&#8220;][et_pb_column type=&#8220;1_3&#8243; _builder_version=&#8220;4.16&#8243; custom_padding=&#8220;||50px||false|false&#8220; global_colors_info=&#8220;{}&#8220;][et_pb_image src=&#8220;https:\/\/ludoligna.com\/wp-content\/uploads\/2023\/01\/gruppe_fact_2.jpg&#8220; title_text=&#8220;gruppe_fact_2&#8243; align=&#8220;center&#8220; force_fullwidth=&#8220;on&#8220; _builder_version=&#8220;4.19.4&#8243; global_colors_info=&#8220;{}&#8220;][\/et_pb_image][et_pb_text module_class=&#8220;pv_box&#8220; _builder_version=&#8220;4.21.0&#8243; custom_css_main_element=&#8220;height: 120px;&#8220; global_colors_info=&#8220;{}&#8220;]<\/p>\n<h3>Ludo Fact<\/h3>\n<div class=\"underline\"><\/div>\n<p>Europas f\u00fchrender, verlagsunabh\u00e4ngiger Brettspiel- und Puzzlehersteller.<\/p>\n<p>[\/et_pb_text][et_pb_code _builder_version=&#8220;4.16&#8243; min_height=&#8220;60px&#8220; global_colors_info=&#8220;{}&#8220;]<a class=\"lf-button-s\" href=\"https:\/\/ludofact.de\" target=\"_blank\" rel=\"noopener noreferrer\">Website<\/a>[\/et_pb_code][\/et_pb_column][et_pb_column type=&#8220;1_3&#8243; _builder_version=&#8220;4.16&#8243; custom_padding=&#8220;||50px||false|false&#8220; global_colors_info=&#8220;{}&#8220;][et_pb_image src=&#8220;https:\/\/ludoligna.com\/wp-content\/uploads\/2023\/06\/ludopackt2-1.jpg&#8220; title_text=&#8220;ludopackt2&#8243; align=&#8220;center&#8220; force_fullwidth=&#8220;on&#8220; _builder_version=&#8220;4.21.0&#8243; global_colors_info=&#8220;{}&#8220;][\/et_pb_image][et_pb_text module_class=&#8220;pv_box&#8220; _builder_version=&#8220;4.21.0&#8243; custom_css_main_element=&#8220;height: 120px;&#8220; global_colors_info=&#8220;{}&#8220;]<\/p>\n<h3>Ludo Packt<\/h3>\n<div class=\"underline\"><\/div>\n<p><span>Der effektive L\u00f6sungsanbieter f\u00fcr individuelle Logistikl\u00f6sungen im Bereich Fulfillment &#8211; weltweit!<\/span>[\/et_pb_text][et_pb_code _builder_version=&#8220;4.21.0&#8243; global_colors_info=&#8220;{}&#8220;]<a class=\"lf-button-s\" href=\"https:\/\/ludopackt.de\" target=\"_blank\" rel=\"noopener noreferrer\">Website<\/a>[\/et_pb_code][\/et_pb_column][et_pb_column type=&#8220;1_3&#8243; _builder_version=&#8220;4.16&#8243; custom_padding=&#8220;||50px||false|false&#8220; global_colors_info=&#8220;{}&#8220;][et_pb_image src=&#8220;https:\/\/ludoligna.com\/wp-content\/uploads\/2020\/11\/hoehn2.jpg&#8220; title_text=&#8220;hoehn2&#8243; align=&#8220;center&#8220; force_fullwidth=&#8220;on&#8220; _builder_version=&#8220;4.16&#8243; global_colors_info=&#8220;{}&#8220;][\/et_pb_image][et_pb_text module_class=&#8220;pv_box&#8220; _builder_version=&#8220;4.27.4&#8243; custom_margin=&#8220;||50px|||&#8220; custom_padding=&#8220;||14px|||&#8220; hover_enabled=&#8220;0&#8243; custom_css_main_element=&#8220;height: 120px;&#8220; global_colors_info=&#8220;{}&#8220; sticky_enabled=&#8220;0&#8243;]<\/p>\n<h3>H\u00d6HN DISPLAY + VERPACKUNG<\/h3>\n<div class=\"underline\"><\/div>\n<p>Unsere Tochtergesellschaft produziert Verpackungen sowie Faltschachteln aus kaschierter Wellpappe und Vollpappe.[\/et_pb_text][et_pb_code _builder_version=&#8220;4.16&#8243; global_colors_info=&#8220;{}&#8220;]<a class=\"lf-button-s\" href=\"https:\/\/www.hoehn-gruppe.com\/\" target=\"_blank\" rel=\"noopener noreferrer\">Website<\/a>[\/et_pb_code][\/et_pb_column][\/et_pb_row][et_pb_row column_structure=&#8220;1_3,1_3,1_3&#8243; use_custom_gutter=&#8220;on&#8220; gutter_width=&#8220;2&#8243; _builder_version=&#8220;4.16&#8243; custom_padding=&#8220;||0px|||&#8220; global_colors_info=&#8220;{}&#8220;][et_pb_column type=&#8220;1_3&#8243; _builder_version=&#8220;4.16&#8243; custom_padding=&#8220;||50px||false|false&#8220; global_colors_info=&#8220;{}&#8220;][et_pb_image src=&#8220;https:\/\/ludoligna.com\/wp-content\/uploads\/2020\/11\/friedmann2.jpg&#8220; title_text=&#8220;friedmann2&#8243; align=&#8220;center&#8220; force_fullwidth=&#8220;on&#8220; _builder_version=&#8220;4.16&#8243; global_colors_info=&#8220;{}&#8220;][\/et_pb_image][et_pb_text module_class=&#8220;pv_box&#8220; _builder_version=&#8220;4.16&#8243; custom_css_main_element=&#8220;height: 120px;&#8220; global_colors_info=&#8220;{}&#8220;]<\/p>\n<h3>FRIEDMANN PRINT DATA SOLUTIONS<\/h3>\n<div class=\"underline\"><\/div>\n<p>Friedmann Print Data Solutions produziert seit 2006 digitale Druckerzeugnisse und beliefert zahlreiche Industriebranchen.<\/p>\n<p>[\/et_pb_text][et_pb_code _builder_version=&#8220;4.16&#8243; global_colors_info=&#8220;{}&#8220;]<a class=\"lf-button-s\" href=\"https:\/\/www.druckdatenloesungen.de\/\" target=\"_blank\" rel=\"noopener noreferrer\">Website<\/a>[\/et_pb_code][\/et_pb_column][et_pb_column type=&#8220;1_3&#8243; _builder_version=&#8220;4.16&#8243; custom_padding=&#8220;||50px||false|false&#8220; global_colors_info=&#8220;{}&#8220;][et_pb_image src=&#8220;https:\/\/ludoligna.com\/wp-content\/uploads\/2019\/12\/ludofact-usa.jpg&#8220; title_text=&#8220;ludofact-usa&#8220; align=&#8220;center&#8220; force_fullwidth=&#8220;on&#8220; _builder_version=&#8220;4.19.4&#8243; global_colors_info=&#8220;{}&#8220;][\/et_pb_image][et_pb_text module_class=&#8220;pv_box&#8220; _builder_version=&#8220;4.16&#8243; custom_css_main_element=&#8220;height: 120px;&#8220; global_colors_info=&#8220;{}&#8220;]<\/p>\n<h3>Ludo Fact USA<\/h3>\n<div class=\"underline\"><\/div>\n<p>Unser US-Tochter in Lafayette, Indiana produziert ebenfalls Brettspiele und Puzzles.<\/p>\n<p>[\/et_pb_text][et_pb_code _builder_version=&#8220;4.16&#8243; global_colors_info=&#8220;{}&#8220;]<a class=\"lf-button-s\" href=\"https:\/\/ludofactusa.com\/en\/\" target=\"_blank\" rel=\"noopener noreferrer\">Website<\/a>[\/et_pb_code][\/et_pb_column][et_pb_column type=&#8220;1_3&#8243; _builder_version=&#8220;4.16&#8243; custom_padding=&#8220;||50px||false|false&#8220; global_colors_info=&#8220;{}&#8220;][et_pb_image src=&#8220;https:\/\/ludoligna.com\/wp-content\/uploads\/2019\/12\/oriens-karton.jpg&#8220; align=&#8220;center&#8220; force_fullwidth=&#8220;on&#8220; _builder_version=&#8220;4.16&#8243; global_colors_info=&#8220;{}&#8220;][\/et_pb_image][et_pb_text module_class=&#8220;pv_box&#8220; _builder_version=&#8220;4.21.0&#8243; custom_css_main_element=&#8220;height: 120px;&#8220; global_colors_info=&#8220;{}&#8220;]<\/p>\n<h3>Oriens Karton<\/h3>\n<div class=\"underline\"><\/div>\n<p>Die Oriens Karton ist seit 2005 unser Joint Venture Partner in Tschechien. In Mnichovo Hradi\u0161t\u011b ist einer unserer drei Produktionsstandorte.<\/p>\n<p>[\/et_pb_text][et_pb_code _builder_version=&#8220;4.16&#8243; global_colors_info=&#8220;{}&#8220;]<a class=\"lf-button-s\" href=\"http:\/\/ok-karton.cz\/\" target=\"_blank\" rel=\"noopener noreferrer\">Website<\/a>[\/et_pb_code][\/et_pb_column][\/et_pb_row][et_pb_row column_structure=&#8220;1_3,1_3,1_3&#8243; use_custom_gutter=&#8220;on&#8220; gutter_width=&#8220;2&#8243; _builder_version=&#8220;4.16&#8243; custom_padding=&#8220;||0px|||&#8220; global_colors_info=&#8220;{}&#8220;][et_pb_column type=&#8220;1_3&#8243; _builder_version=&#8220;4.16&#8243; custom_padding=&#8220;||50px||false|false&#8220; global_colors_info=&#8220;{}&#8220;][et_pb_image src=&#8220;https:\/\/ludoligna.com\/wp-content\/uploads\/2020\/11\/vento-ludens.jpg&#8220; title_text=&#8220;vento-ludens&#8220; align=&#8220;center&#8220; force_fullwidth=&#8220;on&#8220; _builder_version=&#8220;4.16&#8243; global_colors_info=&#8220;{}&#8220;][\/et_pb_image][et_pb_text module_class=&#8220;pv_box&#8220; _builder_version=&#8220;4.21.0&#8243; custom_padding=&#8220;||0px|||&#8220; custom_css_main_element=&#8220;height: 120px&#8220; global_colors_info=&#8220;{}&#8220;]<\/p>\n<h3>Vento Ludens<\/h3>\n<div class=\"underline\"><\/div>\n<p>Planer, Investor und Betreiber f\u00fcr Anlagen im Bereich der erneuerbare Energien, Wind- und Photovoltaikanlagen.<\/p>\n<p>[\/et_pb_text][et_pb_code _builder_version=&#8220;4.16&#8243; global_colors_info=&#8220;{}&#8220;]<a class=\"lf-button-s\" href=\"https:\/\/ventoludens.de\/\" target=\"_blank\" rel=\"noopener noreferrer\">Website<\/a>[\/et_pb_code][\/et_pb_column][et_pb_column type=&#8220;1_3&#8243; _builder_version=&#8220;4.16&#8243; custom_padding=&#8220;||50px||false|false&#8220; global_colors_info=&#8220;{}&#8220;][\/et_pb_column][et_pb_column type=&#8220;1_3&#8243; _builder_version=&#8220;4.16&#8243; custom_padding=&#8220;||50px||false|false&#8220; global_colors_info=&#8220;{}&#8220;][\/et_pb_column][\/et_pb_row][\/et_pb_section][et_pb_section fb_built=&#8220;1&#8243; _builder_version=&#8220;4.21.0&#8243; background_color=&#8220;#717878&#8243; custom_padding=&#8220;1px||0px|||&#8220; global_module=&#8220;178&#8243; saved_tabs=&#8220;all&#8220; global_colors_info=&#8220;{}&#8220;][et_pb_row _builder_version=&#8220;4.16&#8243; global_colors_info=&#8220;{}&#8220;][et_pb_column type=&#8220;4_4&#8243; _builder_version=&#8220;4.16&#8243; global_colors_info=&#8220;{}&#8220;][et_pb_code _builder_version=&#8220;4.21.0&#8243; global_colors_info=&#8220;{}&#8220;]<\/p>\n<div class=\"pvo-footer-container lp-a\"><!-- [et_pb_line_break_holder] -->  <\/p>\n<div class=\"pvo-breadcrumbs\"><!-- [et_pb_line_break_holder] -->    <pee class=\"up pvo-white\"><!-- [et_pb_line_break_holder] -->      Sie sind hier: <span><nav aria-label=\"breadcrumbs\">\n            <div class=\"breadcrumb-container theme1\">\n                <ol>\n                                    <\/ol>\n            <\/div>\n        <\/nav>    <script type=\"application\/ld+json\">\n        {\n            \"@context\": \"http:\/\/schema.org\",\n            \"@type\": \"BreadcrumbList\",\n            \"itemListElement\": [\n                            ]\n        }\n    <\/script>\n   \n    <script>\n            <\/script>\n<\/span><!-- [et_pb_line_break_holder] -->    <\/pee><!-- [et_pb_line_break_holder] -->  <\/div>\n<p><!-- [et_pb_line_break_holder] -->  <\/p>\n<hr>\n<p><!-- [et_pb_line_break_holder] -->  <\/p>\n<div class=\"pvo-footer-flex\"><!-- [et_pb_line_break_holder] -->    <\/p>\n<div><!-- [et_pb_line_break_holder] -->      <\/p>\n<ul class=\"pvo-footer-list\"><!-- [et_pb_line_break_holder] -->        <\/p>\n<li><a href=\"https:\/\/ludoligna.com\/de\/\">Startseite<\/a><\/li>\n<p><!-- [et_pb_line_break_holder] -->      <\/ul>\n<p><!-- [et_pb_line_break_holder] -->    <\/div>\n<p><!-- [et_pb_line_break_holder] -->    <\/p>\n<div><!-- [et_pb_line_break_holder] -->      <\/p>\n<ul class=\"pvo-footer-list\"><!-- [et_pb_line_break_holder] -->        <\/p>\n<li><a href=\"https:\/\/ludoligna.com\/de\/unternehmen\">Unternehmen<\/a><\/li>\n<p><!-- [et_pb_line_break_holder] -->        <\/p>\n<li><a href=\"https:\/\/ludoligna.com\/de\/warum-ludo-ligna\">Warum Ludo Ligna<\/a><\/li>\n<p><!-- [et_pb_line_break_holder] -->        <\/p>\n<li><a href=\"https:\/\/ludoligna.com\/de\/nachhaltigkeit-qualit\u00e4t\">Nachhaltigkeit &#038; Qualit\u00e4t<\/a><\/li>\n<p><!-- [et_pb_line_break_holder] -->      <\/ul>\n<p><!-- [et_pb_line_break_holder] -->    <\/div>\n<p><!-- [et_pb_line_break_holder] -->    <\/p>\n<div><!-- [et_pb_line_break_holder] -->      <\/p>\n<ul class=\"pvo-footer-list\"><!-- [et_pb_line_break_holder] -->        <\/p>\n<li><a href=\"https:\/\/ludoligna.com\/de\/produkte\/\">Produkte<\/a><\/li>\n<p><!-- [et_pb_line_break_holder] -->        <\/p>\n<li><a href=\"https:\/\/ludoligna.com\/de\/produkte#profilteile\/\">Profilteile<\/a><\/li>\n<p><!-- [et_pb_line_break_holder] -->        <\/p>\n<li><a href=\"https:\/\/ludoligna.com\/de\/produkte#lasercutteile\/\">Lasercutteile<\/a><\/li>\n<p><!-- [et_pb_line_break_holder] -->        <\/p>\n<li><a href=\"https:\/\/ludoligna.com\/de\/produkte#tampondruckteile\/\">Tampondruckteile<\/a><\/li>\n<p><!-- [et_pb_line_break_holder] -->        <\/p>\n<li><a href=\"https:\/\/ludoligna.com\/de\/produkte#folienpraegung-und-reliefpraegung\/\">Folienpr\u00e4gung \/ Reliefpr\u00e4gung<\/a><\/li>\n<p><!-- [et_pb_line_break_holder] -->        <\/p>\n<li><a href=\"https:\/\/ludoligna.com\/de\/produkte#dienstleistungen\/\">Weitere Dienstleistungen<\/a><\/li>\n<p><!-- [et_pb_line_break_holder] --><\/p>\n<li><a href=\"https:\/\/ludoligna.com\/de\/produkte#lilu\/\">Holzspielzeuge<\/a><\/li>\n<p>\u00a0<!-- [et_pb_line_break_holder] --><\/ul>\n<p><!-- [et_pb_line_break_holder] -->    <\/div>\n<p><!-- [et_pb_line_break_holder] -->    <\/p>\n<div><!-- [et_pb_line_break_holder] -->      <\/p>\n<ul class=\"pvo-footer-list\"><!-- [et_pb_line_break_holder] -->        <\/p>\n<li><a href=\"https:\/\/ludoligna.com\/de\/Ansprechpartner\">Ansprechpartner<\/a><\/li>\n<p><!-- [et_pb_line_break_holder] -->      <\/ul>\n<p><!-- [et_pb_line_break_holder] -->    <\/div>\n<p><!-- [et_pb_line_break_holder] -->    <\/p>\n<div><!-- [et_pb_line_break_holder] -->      <\/p>\n<ul class=\"pvo-footer-list\"><!-- [et_pb_line_break_holder] -->        <\/p>\n<li><a href=\"https:\/\/ludofact.de\/gruppe\">Gruppe<\/a><\/li>\n<p><!-- [et_pb_line_break_holder] -->        <\/p>\n<li><a href=\"https:\/\/ludofact.de\" target=\"_blank\" rel=\"noopener noreferrer\">Ludo Fact<\/a><\/li>\n<p><!-- [et_pb_line_break_holder] -->        <\/p>\n<li><a href=\"https:\/\/ludopackt.de\/en\" target=\"_blank\" rel=\"noopener noreferrer\">Ludo Packt<\/a><\/li>\n<p><!-- [et_pb_line_break_holder] -->        <\/p>\n<li><a href=\"https:\/\/www.hoehn-gruppe.com\/\" target=\"_blank\" rel=\"noopener noreferrer\">HOEHN Display + Verpackung<\/a><\/li>\n<p><!-- [et_pb_line_break_holder] -->        <\/p>\n<li><a href=\"https:\/\/www.druckdatenloesungen.de\" target=\"_blank\" rel=\"noopener noreferrer\">Friedmann Print Data Solutions<\/a><\/li>\n<p><!-- [et_pb_line_break_holder] -->        <\/p>\n<li><a href=\"https:\/\/ludofact.de\/en\/group\/ludo-fact-usa\/\" target=\"_blank\" rel=\"noopener noreferrer\">Ludo Fact USA<\/a><\/li>\n<p><!-- [et_pb_line_break_holder] -->        <\/p>\n<li><a href=\"http:\/\/ok-karton.cz\" target=\"_blank\" rel=\"noopener noreferrer\">Oriens Karton<\/a><\/li>\n<p><!-- [et_pb_line_break_holder] -->        <\/p>\n<li><a href=\"https:\/\/ventoludens.de\/\" target=\"_blank\" rel=\"noopener noreferrer\">Vento Ludens<\/a><\/li>\n<p><!-- [et_pb_line_break_holder] -->      <\/ul>\n<p><!-- [et_pb_line_break_holder] -->    <\/div>\n<p><!-- [et_pb_line_break_holder] -->    <\/p>\n<div><!-- [et_pb_line_break_holder] -->      <\/p>\n<ul class=\"pvo-footer-list\"><!-- [et_pb_line_break_holder] -->        <\/p>\n<li><a href=\"https:\/\/ludoligna.com\/de\/kontakt\">Kontakt<\/a><\/li>\n<p><!-- [et_pb_line_break_holder] -->        <\/p>\n<li><a href=\"https:\/\/ludoligna.com\/de\/kontakt\/\">Anfahrt<\/a><\/li>\n<p><!-- [et_pb_line_break_holder] -->        <\/p>\n<li><a href=\"https:\/\/ludoligna.com\/de\/impressum\">Impressum<\/a><\/li>\n<p><!-- [et_pb_line_break_holder] -->        <\/p>\n<li><a href=\"https:\/\/ludoligna.com\/de\/datenschutz\">datenschutz<\/a><\/li>\n<p><!-- [et_pb_line_break_holder] -->      <\/ul>\n<p><!-- [et_pb_line_break_holder] -->    <\/div>\n<p><!-- [et_pb_line_break_holder] -->  <\/div>\n<p><!-- [et_pb_line_break_holder] -->  <\/p>\n<hr>\n<p><!-- [et_pb_line_break_holder] -->  <\/p>\n<div class=\"pvo-cred\"><!-- [et_pb_line_break_holder] -->    <pee class=\"pvo-white\"><!-- [et_pb_line_break_holder] -->      \u00a9 2019 LUDO LIGNA S.R.L., Harghita, Romania<!-- [et_pb_line_break_holder] -->    <\/pee><!-- [et_pb_line_break_holder] -->  <\/div>\n<p><!-- [et_pb_line_break_holder] --><\/div>\n<p>[\/et_pb_code][\/et_pb_column][\/et_pb_row][\/et_pb_section]<\/p>\n","protected":false},"excerpt":{"rendered":"<p>Die FirmengruppeLudo Fact Europas f\u00fchrender, verlagsunabh\u00e4ngiger Brettspiel- und Puzzlehersteller.Ludo Packt Der effektive L\u00f6sungsanbieter f\u00fcr individuelle Logistikl\u00f6sungen im Bereich Fulfillment &#8211; weltweit!H\u00d6HN DISPLAY + VERPACKUNG Unsere Tochtergesellschaft produziert Verpackungen sowie Faltschachteln aus kaschierter Wellpappe und Vollpappe.FRIEDMANN PRINT DATA SOLUTIONS Friedmann Print Data Solutions produziert seit 2006 digitale Druckerzeugnisse und beliefert zahlreiche Industriebranchen.Ludo Fact USA Unser US-Tochter [&hellip;]<\/p>\n","protected":false},"author":1,"featured_media":0,"parent":0,"menu_order":0,"comment_status":"closed","ping_status":"closed","template":"","meta":{"_et_pb_use_builder":"on","_et_pb_old_content":"","_et_gb_content_width":"","footnotes":""},"class_list":["post-1711","page","type-page","status-publish","hentry"],"_links":{"self":[{"href":"https:\/\/ludoligna.com\/de\/wp-json\/wp\/v2\/pages\/1711","targetHints":{"allow":["GET"]}}],"collection":[{"href":"https:\/\/ludoligna.com\/de\/wp-json\/wp\/v2\/pages"}],"about":[{"href":"https:\/\/ludoligna.com\/de\/wp-json\/wp\/v2\/types\/page"}],"author":[{"embeddable":true,"href":"https:\/\/ludoligna.com\/de\/wp-json\/wp\/v2\/users\/1"}],"replies":[{"embeddable":true,"href":"https:\/\/ludoligna.com\/de\/wp-json\/wp\/v2\/comments?post=1711"}],"version-history":[{"count":25,"href":"https:\/\/ludoligna.com\/de\/wp-json\/wp\/v2\/pages\/1711\/revisions"}],"predecessor-version":[{"id":9165,"href":"https:\/\/ludoligna.com\/de\/wp-json\/wp\/v2\/pages\/1711\/revisions\/9165"}],"wp:attachment":[{"href":"https:\/\/ludoligna.com\/de\/wp-json\/wp\/v2\/media?parent=1711"}],"curies":[{"name":"wp","href":"https:\/\/api.w.org\/{rel}","templated":true}]}}