{"id":1685,"date":"2019-08-27T13:14:23","date_gmt":"2019-08-27T13:14:23","guid":{"rendered":"https:\/\/ludoligna.com\/?page_id=1685"},"modified":"2023-06-13T08:39:32","modified_gmt":"2023-06-13T08:39:32","slug":"unternehmen","status":"publish","type":"page","link":"https:\/\/ludoligna.com\/de\/unternehmen\/","title":{"rendered":"Unternehmen"},"content":{"rendered":"<p>[et_pb_section fb_built=&#8220;1&#8243; module_class=&#8220;pvo_heading-banner&#8220; _builder_version=&#8220;4.21.0&#8243; background_color=&#8220;#c6c6c6&#8243; background_image=&#8220;https:\/\/ludoligna.com\/wp-content\/uploads\/2023\/06\/DS1_8415.jpg&#8220; background_blend=&#8220;multiply&#8220; custom_css_main_element=&#8220;max-height: 500px;||position: relative;&#8220; global_colors_info=&#8220;{}&#8220;][et_pb_row module_class=&#8220;pvo_flex-center&#8220; _builder_version=&#8220;4.21.0&#8243; background_enable_color=&#8220;off&#8220; width=&#8220;100%&#8220; min_height=&#8220;354px&#8220; min_height_last_edited=&#8220;off|desktop&#8220; custom_margin=&#8220;|auto||auto|false|false&#8220; custom_padding=&#8220;0px||||false|false&#8220; global_colors_info=&#8220;{}&#8220;][et_pb_column type=&#8220;4_4&#8243; _builder_version=&#8220;4.16&#8243; global_colors_info=&#8220;{}&#8220;][et_pb_text module_class=&#8220;header-heading&#8220; _builder_version=&#8220;4.21.0&#8243; text_font=&#8220;|600||on|||||&#8220; text_text_color=&#8220;#ffffff&#8220; text_font_size=&#8220;60px&#8220; custom_css_main_element=&#8220;line-height: 1.1;&#8220; global_colors_info=&#8220;{}&#8220;]<\/p>\n<p style=\"text-align: center;\"><strong>ETWAS MEHR \u00dcBER UNS<\/strong><span class=\"underline\"><\/span><\/p>\n<p>[\/et_pb_text][\/et_pb_column][\/et_pb_row][\/et_pb_section][et_pb_section fb_built=&#8220;1&#8243; _builder_version=&#8220;4.16&#8243; custom_padding=&#8220;50px|||||&#8220; global_colors_info=&#8220;{}&#8220;][et_pb_row use_custom_gutter=&#8220;on&#8220; make_equal=&#8220;on&#8220; _builder_version=&#8220;4.16&#8243; custom_margin=&#8220;|auto|-3px|auto||&#8220; custom_padding=&#8220;2px||0px|||&#8220; global_colors_info=&#8220;{}&#8220;][et_pb_column type=&#8220;4_4&#8243; _builder_version=&#8220;4.16&#8243; global_colors_info=&#8220;{}&#8220;][et_pb_text _builder_version=&#8220;4.21.0&#8243; global_colors_info=&#8220;{}&#8220;]<\/p>\n<h2>Das Unternehmen<\/h2>\n<p>[\/et_pb_text][\/et_pb_column][\/et_pb_row][et_pb_row column_structure=&#8220;1_2,1_2&#8243; use_custom_gutter=&#8220;on&#8220; gutter_width=&#8220;2&#8243; make_equal=&#8220;on&#8220; _builder_version=&#8220;4.16&#8243; custom_padding=&#8220;14px|||||&#8220; global_colors_info=&#8220;{}&#8220;][et_pb_column type=&#8220;1_2&#8243; _builder_version=&#8220;4.16&#8243; global_colors_info=&#8220;{}&#8220;][et_pb_text _builder_version=&#8220;4.21.0&#8243; custom_margin=&#8220;8px|||||&#8220; custom_css_main_element=&#8220;\t&#8220; global_colors_info=&#8220;{}&#8220;]<\/p>\n<p>30 Mitarbeiter arbeiten gemeinsam f\u00fcr ein junges Unternehmen, welches sich einem hohen Qualit\u00e4tsstandard verschrieben hat. Dabei fertigt die Ludo Ligna Holzkomponenten f\u00fcr Gesellschaftsspiele, die in unserer Gruppe produziert werden.<\/p>\n<p>Ludo Ligna ist ein Tochterunternehmen der Ludo Fact Unternehmensgruppe. In der Gruppe arbeiten rund 800 Mitarbeiter an acht weltweiten Standorten zusammen.<\/p>\n<p>Die Komponenten werden aus dem rohen Holz einer Buche, eines Ahorns gefertigt. Unser Endprodukt ist ein fertig konfektionierter Beutel mit Holzkomponenten f\u00fcr Brettspiele.<\/p>\n<p>[\/et_pb_text][et_pb_text _builder_version=&#8220;4.21.0&#8243; custom_margin=&#8220;8px|||||&#8220; custom_css_main_element=&#8220;\t&#8220; global_colors_info=&#8220;{}&#8220;][\/et_pb_text][\/et_pb_column][et_pb_column type=&#8220;1_2&#8243; _builder_version=&#8220;4.16&#8243; global_colors_info=&#8220;{}&#8220;][et_pb_text _builder_version=&#8220;4.21.0&#8243; custom_margin=&#8220;8px|||||&#8220; custom_css_main_element=&#8220;\t&#8220; global_colors_info=&#8220;{}&#8220;]<\/p>\n<p>Nat\u00fcrlich arbeiten wir nach der europ\u00e4ischen Norm EN 71 und die eingesetzten Farben sind ausnahmslos wasserbasierend, zudem sind wir FSC-zertifiziert.<\/p>\n<p>Nachhaltigkeit, Respekt f\u00fcr die Ressourcen und Teamgeist sind bei uns nicht nur Worte, sondern t\u00e4gliche Aufgabe und Ziel.<\/p>\n<p>[\/et_pb_text][et_pb_code _builder_version=&#8220;4.21.0&#8243; _module_preset=&#8220;default&#8220; module_alignment=&#8220;left&#8220; module_alignment_tablet=&#8220;left&#8220; module_alignment_phone=&#8220;left&#8220; module_alignment_last_edited=&#8220;on|phone&#8220; global_colors_info=&#8220;{}&#8220;]<\/p>\n<div class=\"pvo_social-icons\"><!-- [et_pb_line_break_holder] -->  <pee><!-- [et_pb_line_break_holder] -->    Verlinkung zu Social-Media-Kan\u00e4len<!-- [et_pb_line_break_holder] -->  <\/pee><!-- [et_pb_line_break_holder] -->  <a href=\"https:\/\/www.facebook.com\/ludo.ligna\/?locale=de_DE\" target=\"_blank\" rel=\"noopener\"><img decoding=\"async\" data-src=\"https:\/\/ludoligna.com\/wp-content\/uploads\/2023\/06\/Facebook.png\" src=\"data:image\/svg+xml;base64,PHN2ZyB3aWR0aD0iMSIgaGVpZ2h0PSIxIiB4bWxucz0iaHR0cDovL3d3dy53My5vcmcvMjAwMC9zdmciPjwvc3ZnPg==\" class=\"lazyload\" style=\"--smush-placeholder-width: 150px; --smush-placeholder-aspect-ratio: 150\/150;\" \/><\/a><!-- [et_pb_line_break_holder] -->  <a href=\"https:\/\/www.instagram.com\/ludoligna\/?hl=de\" target=\"_blank\" rel=\"noopener\"><img decoding=\"async\" data-src=\"https:\/\/ludoligna.com\/wp-content\/uploads\/2023\/06\/Instagram.png\" src=\"data:image\/svg+xml;base64,PHN2ZyB3aWR0aD0iMSIgaGVpZ2h0PSIxIiB4bWxucz0iaHR0cDovL3d3dy53My5vcmcvMjAwMC9zdmciPjwvc3ZnPg==\" class=\"lazyload\" style=\"--smush-placeholder-width: 150px; --smush-placeholder-aspect-ratio: 150\/150;\" \/><\/a><!-- [et_pb_line_break_holder] -->  <a href=\"https:\/\/www.linkedin.com\/company\/ludo-ligna\/\" target=\"_blank\" rel=\"noopener\"><img decoding=\"async\" data-src=\"https:\/\/ludoligna.com\/wp-content\/uploads\/2023\/06\/LinkedIn.png\" src=\"data:image\/svg+xml;base64,PHN2ZyB3aWR0aD0iMSIgaGVpZ2h0PSIxIiB4bWxucz0iaHR0cDovL3d3dy53My5vcmcvMjAwMC9zdmciPjwvc3ZnPg==\" class=\"lazyload\" style=\"--smush-placeholder-width: 150px; --smush-placeholder-aspect-ratio: 150\/150;\" \/><\/a><!-- [et_pb_line_break_holder] --><\/div>\n<p>[\/et_pb_code][\/et_pb_column][\/et_pb_row][\/et_pb_section][et_pb_section fb_built=&#8220;1&#8243; _builder_version=&#8220;4.21.0&#8243; background_color=&#8220;#717878&#8243; custom_padding=&#8220;1px||0px|||&#8220; global_module=&#8220;178&#8243; saved_tabs=&#8220;all&#8220; global_colors_info=&#8220;{}&#8220;][et_pb_row _builder_version=&#8220;4.16&#8243; global_colors_info=&#8220;{}&#8220;][et_pb_column type=&#8220;4_4&#8243; _builder_version=&#8220;4.16&#8243; global_colors_info=&#8220;{}&#8220;][et_pb_code _builder_version=&#8220;4.21.0&#8243; global_colors_info=&#8220;{}&#8220;]<\/p>\n<div class=\"pvo-footer-container lp-a\"><!-- [et_pb_line_break_holder] -->  <\/p>\n<div class=\"pvo-breadcrumbs\"><!-- [et_pb_line_break_holder] -->    <pee class=\"up pvo-white\"><!-- [et_pb_line_break_holder] -->      Sie sind hier: <span><nav aria-label=\"breadcrumbs\">\n            <div class=\"breadcrumb-container theme1\">\n                <ol>\n                                    <\/ol>\n            <\/div>\n        <\/nav>    <script type=\"application\/ld+json\">\n        {\n            \"@context\": \"http:\/\/schema.org\",\n            \"@type\": \"BreadcrumbList\",\n            \"itemListElement\": [\n                            ]\n        }\n    <\/script>\n   \n    <script>\n            <\/script>\n<\/span><!-- [et_pb_line_break_holder] -->    <\/pee><!-- [et_pb_line_break_holder] -->  <\/div>\n<p><!-- [et_pb_line_break_holder] -->  <\/p>\n<hr>\n<p><!-- [et_pb_line_break_holder] -->  <\/p>\n<div class=\"pvo-footer-flex\"><!-- [et_pb_line_break_holder] -->    <\/p>\n<div><!-- [et_pb_line_break_holder] -->      <\/p>\n<ul class=\"pvo-footer-list\"><!-- [et_pb_line_break_holder] -->        <\/p>\n<li><a href=\"https:\/\/ludoligna.com\/de\/\">Startseite<\/a><\/li>\n<p><!-- [et_pb_line_break_holder] -->      <\/ul>\n<p><!-- [et_pb_line_break_holder] -->    <\/div>\n<p><!-- [et_pb_line_break_holder] -->    <\/p>\n<div><!-- [et_pb_line_break_holder] -->      <\/p>\n<ul class=\"pvo-footer-list\"><!-- [et_pb_line_break_holder] -->        <\/p>\n<li><a href=\"https:\/\/ludoligna.com\/de\/unternehmen\">Unternehmen<\/a><\/li>\n<p><!-- [et_pb_line_break_holder] -->        <\/p>\n<li><a href=\"https:\/\/ludoligna.com\/de\/warum-ludo-ligna\">Warum Ludo Ligna<\/a><\/li>\n<p><!-- [et_pb_line_break_holder] -->        <\/p>\n<li><a href=\"https:\/\/ludoligna.com\/de\/nachhaltigkeit-qualit\u00e4t\">Nachhaltigkeit &#038; Qualit\u00e4t<\/a><\/li>\n<p><!-- [et_pb_line_break_holder] -->      <\/ul>\n<p><!-- [et_pb_line_break_holder] -->    <\/div>\n<p><!-- [et_pb_line_break_holder] -->    <\/p>\n<div><!-- [et_pb_line_break_holder] -->      <\/p>\n<ul class=\"pvo-footer-list\"><!-- [et_pb_line_break_holder] -->        <\/p>\n<li><a href=\"https:\/\/ludoligna.com\/de\/produkte\/\">Produkte<\/a><\/li>\n<p><!-- [et_pb_line_break_holder] -->        <\/p>\n<li><a href=\"https:\/\/ludoligna.com\/de\/produkte#profilteile\/\">Profilteile<\/a><\/li>\n<p><!-- [et_pb_line_break_holder] -->        <\/p>\n<li><a href=\"https:\/\/ludoligna.com\/de\/produkte#lasercutteile\/\">Lasercutteile<\/a><\/li>\n<p><!-- [et_pb_line_break_holder] -->        <\/p>\n<li><a href=\"https:\/\/ludoligna.com\/de\/produkte#tampondruckteile\/\">Tampondruckteile<\/a><\/li>\n<p><!-- [et_pb_line_break_holder] -->        <\/p>\n<li><a href=\"https:\/\/ludoligna.com\/de\/produkte#folienpraegung-und-reliefpraegung\/\">Folienpr\u00e4gung \/ Reliefpr\u00e4gung<\/a><\/li>\n<p><!-- [et_pb_line_break_holder] -->        <\/p>\n<li><a href=\"https:\/\/ludoligna.com\/de\/produkte#dienstleistungen\/\">Weitere Dienstleistungen<\/a><\/li>\n<p><!-- [et_pb_line_break_holder] -->      <\/ul>\n<p><!-- [et_pb_line_break_holder] -->    <\/div>\n<p><!-- [et_pb_line_break_holder] -->    <\/p>\n<div><!-- [et_pb_line_break_holder] -->      <\/p>\n<ul class=\"pvo-footer-list\"><!-- [et_pb_line_break_holder] -->        <\/p>\n<li><a href=\"https:\/\/ludoligna.com\/de\/Ansprechpartner\">Ansprechpartner<\/a><\/li>\n<p><!-- [et_pb_line_break_holder] -->      <\/ul>\n<p><!-- [et_pb_line_break_holder] -->    <\/div>\n<p><!-- [et_pb_line_break_holder] -->    <\/p>\n<div><!-- [et_pb_line_break_holder] -->      <\/p>\n<ul class=\"pvo-footer-list\"><!-- [et_pb_line_break_holder] -->        <\/p>\n<li><a href=\"https:\/\/ludofact.de\/gruppe\">Gruppe<\/a><\/li>\n<p><!-- [et_pb_line_break_holder] -->        <\/p>\n<li><a href=\"https:\/\/ludofact.de\" target=\"_blank\" rel=\"noopener noreferrer\">Ludo Fact<\/a><\/li>\n<p><!-- [et_pb_line_break_holder] -->        <\/p>\n<li><a href=\"https:\/\/ludopackt.de\/en\" target=\"_blank\" rel=\"noopener noreferrer\">Ludo Packt<\/a><\/li>\n<p><!-- [et_pb_line_break_holder] -->        <\/p>\n<li><a href=\"https:\/\/www.hoehn-gruppe.com\/\" target=\"_blank\" rel=\"noopener noreferrer\">HOEHN Display + Verpackung<\/a><\/li>\n<p><!-- [et_pb_line_break_holder] -->        <\/p>\n<li><a href=\"https:\/\/www.druckdatenloesungen.de\" target=\"_blank\" rel=\"noopener noreferrer\">Friedmann Print Data Solutions<\/a><\/li>\n<p><!-- [et_pb_line_break_holder] -->        <\/p>\n<li><a href=\"https:\/\/ludofact.de\/en\/group\/ludo-fact-usa\/\" target=\"_blank\" rel=\"noopener noreferrer\">Ludo Fact USA<\/a><\/li>\n<p><!-- [et_pb_line_break_holder] -->        <\/p>\n<li><a href=\"http:\/\/ok-karton.cz\" target=\"_blank\" rel=\"noopener noreferrer\">Oriens Karton<\/a><\/li>\n<p><!-- [et_pb_line_break_holder] -->        <\/p>\n<li><a href=\"https:\/\/ventoludens.de\/\" target=\"_blank\" rel=\"noopener noreferrer\">Vento Ludens<\/a><\/li>\n<p><!-- [et_pb_line_break_holder] -->      <\/ul>\n<p><!-- [et_pb_line_break_holder] -->    <\/div>\n<p><!-- [et_pb_line_break_holder] -->    <\/p>\n<div><!-- [et_pb_line_break_holder] -->      <\/p>\n<ul class=\"pvo-footer-list\"><!-- [et_pb_line_break_holder] -->        <\/p>\n<li><a href=\"https:\/\/ludoligna.com\/de\/kontakt\">Kontakt<\/a><\/li>\n<p><!-- [et_pb_line_break_holder] -->        <\/p>\n<li><a href=\"https:\/\/ludoligna.com\/de\/kontakt\/\">Anfahrt<\/a><\/li>\n<p><!-- [et_pb_line_break_holder] -->        <\/p>\n<li><a href=\"https:\/\/ludoligna.com\/de\/impressum\">Impressum<\/a><\/li>\n<p><!-- [et_pb_line_break_holder] -->        <\/p>\n<li><a href=\"https:\/\/ludoligna.com\/de\/datenschutz\">datenschutz<\/a><\/li>\n<p><!-- [et_pb_line_break_holder] -->      <\/ul>\n<p><!-- [et_pb_line_break_holder] -->    <\/div>\n<p><!-- [et_pb_line_break_holder] -->    <!-- [et_pb_line_break_holder] -->  <\/div>\n<p><!-- [et_pb_line_break_holder] -->  <\/p>\n<hr>\n<p><!-- [et_pb_line_break_holder] -->  <\/p>\n<div class=\"pvo-cred\"><!-- [et_pb_line_break_holder] -->    <pee class=\"pvo-white\"><!-- [et_pb_line_break_holder] -->      \u00a9 2019 LUDO LIGNA S.R.L., Harghita, Romania<!-- [et_pb_line_break_holder] -->    <\/pee><!-- [et_pb_line_break_holder] -->  <\/div>\n<p><!-- [et_pb_line_break_holder] --><\/div>\n<p>[\/et_pb_code][\/et_pb_column][\/et_pb_row][\/et_pb_section]<\/p>\n","protected":false},"excerpt":{"rendered":"<p>ETWAS MEHR \u00dcBER UNSDas Unternehmen30 Mitarbeiter arbeiten gemeinsam f\u00fcr ein junges Unternehmen, welches sich einem hohen Qualit\u00e4tsstandard verschrieben hat. Dabei fertigt die Ludo Ligna Holzkomponenten f\u00fcr Gesellschaftsspiele, die in unserer Gruppe produziert werden. Ludo Ligna ist ein Tochterunternehmen der Ludo Fact Unternehmensgruppe. In der Gruppe arbeiten rund 800 Mitarbeiter an acht weltweiten Standorten zusammen. Die [&hellip;]<\/p>\n","protected":false},"author":1,"featured_media":0,"parent":0,"menu_order":0,"comment_status":"closed","ping_status":"closed","template":"","meta":{"_et_pb_use_builder":"on","_et_pb_old_content":"","_et_gb_content_width":"","footnotes":""},"class_list":["post-1685","page","type-page","status-publish","hentry"],"_links":{"self":[{"href":"https:\/\/ludoligna.com\/de\/wp-json\/wp\/v2\/pages\/1685","targetHints":{"allow":["GET"]}}],"collection":[{"href":"https:\/\/ludoligna.com\/de\/wp-json\/wp\/v2\/pages"}],"about":[{"href":"https:\/\/ludoligna.com\/de\/wp-json\/wp\/v2\/types\/page"}],"author":[{"embeddable":true,"href":"https:\/\/ludoligna.com\/de\/wp-json\/wp\/v2\/users\/1"}],"replies":[{"embeddable":true,"href":"https:\/\/ludoligna.com\/de\/wp-json\/wp\/v2\/comments?post=1685"}],"version-history":[{"count":21,"href":"https:\/\/ludoligna.com\/de\/wp-json\/wp\/v2\/pages\/1685\/revisions"}],"predecessor-version":[{"id":8763,"href":"https:\/\/ludoligna.com\/de\/wp-json\/wp\/v2\/pages\/1685\/revisions\/8763"}],"wp:attachment":[{"href":"https:\/\/ludoligna.com\/de\/wp-json\/wp\/v2\/media?parent=1685"}],"curies":[{"name":"wp","href":"https:\/\/api.w.org\/{rel}","templated":true}]}}